{"id":209,"date":"2025-09-27T17:17:22","date_gmt":"2025-09-27T17:17:22","guid":{"rendered":"https:\/\/medano4you.com\/?page_id=209"},"modified":"2025-09-27T17:20:40","modified_gmt":"2025-09-27T17:20:40","slug":"legal-notice","status":"publish","type":"page","link":"https:\/\/medano4you.com\/de\/legal-notice\/","title":{"rendered":"Rechtlicher Hinweis"},"content":{"rendered":"<div data-elementor-type=\"wp-page\" data-elementor-id=\"209\" class=\"elementor elementor-209\" data-elementor-post-type=\"page\">\n\t\t\t\t<div class=\"elementor-element elementor-element-3671fb6 e-flex e-con-boxed e-con e-parent\" data-id=\"3671fb6\" data-element_type=\"container\">\n\t\t\t\t\t<div class=\"e-con-inner\">\n\t\t\t\t<div class=\"elementor-element elementor-element-a6c4057 elementor-widget elementor-widget-html\" data-id=\"a6c4057\" data-element_type=\"widget\" data-widget_type=\"html.default\">\n\t\t\t\t\t<!-- Importar fuente Raleway -->\n<link href=\"https:\/\/fonts.googleapis.com\/css2?family=Raleway:wght@300;400;600;700&display=swap\" rel=\"stylesheet\">\n\n<style>\n  .legal-section {\n    font-family: 'Raleway', sans-serif;\n    color: #333;\n    line-height: 1.7;\n    max-width: 1000px;\n    margin: 0 auto;\n    padding: 20px;\n  }\n\n  .legal-section h1 {\n    font-size: 2em;\n    font-weight: 700;\n    text-align: center;\n    margin-bottom: 25px;\n    color: #ff6600;\n  }\n\n  .legal-section h2 {\n    font-size: 1.4em;\n    font-weight: 600;\n    margin-top: 30px;\n    margin-bottom: 12px;\n    color: #444;\n    border-left: 5px solid #ff6600;\n    padding-left: 12px;\n  }\n\n  .legal-section p {\n    font-size: 1.05em;\n    margin-bottom: 15px;\n  }\n\n  .legal-section ul {\n    margin: 10px 0 20px 25px;\n    padding: 0;\n    list-style-type: none;\n  }\n\n  .legal-section ul li {\n    margin-bottom: 8px;\n    font-size: 1.05em;\n    position: relative;\n    padding-left: 20px;\n  }\n\n  .legal-section ul li::before {\n    content: \"\u2714\";\n    color: #ff6600;\n    position: absolute;\n    left: 0;\n    font-size: 0.9em;\n  }\n\n  .legal-section a {\n    color: #ff6600;\n    text-decoration: none;\n  }\n\n  .legal-section a:hover {\n    text-decoration: underline;\n  }\n<\/style>\n\n<div class=\"legal-section\">\n\n  <p class=\"translation-block\"><strong>Domainname:<\/strong> medano4you.com<br>\n<strong>Firmenname:<\/strong> MEDANO4YOU, S.L.<br>\n<strong>Steuer-ID (CIF):<\/strong> B-76806363<br>\n<strong>Gesch\u00e4ftsadresse:<\/strong> Av. Jose Miguel Galv\u00e1n Bello 29, 2., 38612 El M\u00e9dano, Santa Cruz de Tenerife, Spanien<br>\n<strong>Sitz:<\/strong> C\/ Ibiza Z-6, 38618 La Tejita, Santa Cruz de Tenerife, Spanien<br>\n<strong>Telefon:<\/strong> +34 618436568<br>\n<strong>E-Mail:<\/strong> <a href=\"mailto:info@medano4you.com\" target=\"_self\">info@medano4you.com<\/a><br>\n<strong>Handelsregister:<\/strong> Eingetragen im Handelsregister von Santa Cruz de Tenerife, Band 3642, Blatt 179, Seite TF-63288, Eintrag 1<\/p>\n\n  <h2>Geistiges und gewerbliches Eigentum<\/h2>\n  <p>Diese Website, einschlie\u00dflich, aber nicht beschr\u00e4nkt auf Programmierung, Bearbeitung, Zusammenstellung, Design, Logos, Texte, Sounds, Animationen, Software und anderer f\u00fcr den Betrieb erforderlicher Elemente, ist Eigentum von MEDANO4YOU, S.L. oder es liegen entsprechende Lizenzen bzw. Genehmigungen f\u00fcr deren Nutzung vor.<\/p>\n\n  <p>Alle Inhalte dieser Website sind durch geltende Vorschriften \u00fcber geistiges und gewerbliches Eigentum gesch\u00fctzt und in den zust\u00e4ndigen \u00f6ffentlichen Registern eingetragen.<\/p>\n\n  <p>Die Reproduktion, Verbreitung, \u00f6ffentliche Wiedergabe, Umwandlung oder jede andere Nutzung aller oder eines Teils der Inhalte dieser Website, auf jegliche Weise oder durch jegliches Verfahren, ist ohne vorherige schriftliche Genehmigung von MEDANO4YOU, S.L. strengstens untersagt.<\/p>\n\n  <p>Inhalte Dritter, wie Marken, Logos oder Texte, die auf dieser Website erscheinen, geh\u00f6ren ihren jeweiligen Eigent\u00fcmern, die allein f\u00fcr alle damit verbundenen Streitigkeiten verantwortlich sind. Ihre Aufnahme impliziert keine Unterst\u00fctzung oder Verbindung mit MEDANO4YOU, S.L.<\/p>\n\n  <p class=\"translation-block\">Nutzer k\u00f6nnen sich an <a href=\"mailto:info@medano4you.com\" target=\"_self\">info@medano4you.com<\/a> wenden, um Anliegen bez\u00fcglich geistiger oder gewerblicher Eigentumsrechte zu melden.<\/p>\n\n  <h2>Haftungsausschluss<\/h2>\n  <p>MEDANO4YOU, S.L. \u00fcbernimmt keine Verantwortung f\u00fcr Inhalte, die von Dritten manipuliert oder eingef\u00fcgt wurden.<\/p>\n\n  <p>Obwohl die Zuverl\u00e4ssigkeit, Genauigkeit und das ordnungsgem\u00e4\u00dfe Funktionieren der Website angestrebt werden, garantiert MEDANO4YOU, S.L. nicht die Fehlerfreiheit, den ununterbrochenen Zugang oder die Abwesenheit von Viren oder anderen sch\u00e4dlichen Elementen. Folglich haftet sie nicht f\u00fcr Sch\u00e4den, die sich aus der Nutzung ergeben.<\/p>\n\n  <p>Diese Website kann Cookies verwenden, um die Benutzererfahrung zu verbessern und die Anzeige der Inhalte zu optimieren. Die verwendeten Cookies sind tempor\u00e4r, sammeln keine personenbezogenen Daten und erm\u00f6glichen keine Benutzeridentifizierung. Nutzer k\u00f6nnen ihren Browser so konfigurieren, dass Cookies deaktiviert werden, ohne den Zugriff auf Inhalte zu beeintr\u00e4chtigen.<\/p>\n\n  <p>Diese Website kann Links zu externen Websites enthalten. MEDANO4YOU, S.L. \u00fcbernimmt keine Verantwortung f\u00fcr den Inhalt, die Verf\u00fcgbarkeit oder die Rechtm\u00e4\u00dfigkeit solcher Seiten. Wenn rechtswidrige Inhalte festgestellt werden, werden die Links sofort entfernt und gegebenenfalls rechtliche Schritte eingeleitet.<\/p>\n\n  <p>Die Server dieser Website k\u00f6nnen IP-Adressen und Domainnamen der Benutzer automatisch erfassen. Diese Daten werden in Serverprotokollen gespeichert, um statistische Analysen des Datenverkehrs, der Nutzungsmuster und der Zugriffsmetriken zu erm\u00f6glichen.<\/p>\n\n  <h2>Anwendbares Recht und Gerichtsstand<\/h2>\n  <p>Diese Website unterliegt spanischem Recht. Im Falle von Streitigkeiten \u00fcber die Auslegung oder Nutzung dieser Website vereinbaren die Parteien ausdr\u00fccklich die Zust\u00e4ndigkeit der Gerichte von Santa Cruz de Tenerife und verzichten auf jeden anderen Gerichtsstand.<\/p>\n<\/div>\t\t\t\t<\/div>\n\t\t\t\t\t<\/div>\n\t\t\t\t<\/div>\n\t\t\t\t<\/div>","protected":false},"excerpt":{"rendered":"<p>Domain Name: medano4you.com Company Name: MEDANO4YOU, S.L. Tax ID (CIF): B-76806363 Business Address: Av. Jose Miguel Galvan Bello 29, 2., 38612 El M\u00e9dano, Santa Cruz de Tenerife, Spain Registered Office: C\/ Ibiza Z-6, 38618 La Tejita, Santa Cruz de Tenerife, Spain Phone: +34 618436568 Email: info@medano4you.com Company Registration: Registered with the Mercantile Registry of Santa [&hellip;]<\/p>","protected":false},"author":1,"featured_media":0,"parent":0,"menu_order":0,"comment_status":"closed","ping_status":"closed","template":"","meta":{"footnotes":""},"class_list":["post-209","page","type-page","status-publish","hentry"],"_links":{"self":[{"href":"https:\/\/medano4you.com\/de\/wp-json\/wp\/v2\/pages\/209","targetHints":{"allow":["GET"]}}],"collection":[{"href":"https:\/\/medano4you.com\/de\/wp-json\/wp\/v2\/pages"}],"about":[{"href":"https:\/\/medano4you.com\/de\/wp-json\/wp\/v2\/types\/page"}],"author":[{"embeddable":true,"href":"https:\/\/medano4you.com\/de\/wp-json\/wp\/v2\/users\/1"}],"replies":[{"embeddable":true,"href":"https:\/\/medano4you.com\/de\/wp-json\/wp\/v2\/comments?post=209"}],"version-history":[{"count":5,"href":"https:\/\/medano4you.com\/de\/wp-json\/wp\/v2\/pages\/209\/revisions"}],"predecessor-version":[{"id":214,"href":"https:\/\/medano4you.com\/de\/wp-json\/wp\/v2\/pages\/209\/revisions\/214"}],"wp:attachment":[{"href":"https:\/\/medano4you.com\/de\/wp-json\/wp\/v2\/media?parent=209"}],"curies":[{"name":"wp","href":"https:\/\/api.w.org\/{rel}","templated":true}]}}