{"id":217,"date":"2025-09-27T17:28:26","date_gmt":"2025-09-27T17:28:26","guid":{"rendered":"https:\/\/medano4you.com\/?page_id=217"},"modified":"2025-11-26T16:03:21","modified_gmt":"2025-11-26T16:03:21","slug":"terms-and-conditions","status":"publish","type":"page","link":"https:\/\/medano4you.com\/de\/terms-and-conditions\/","title":{"rendered":"Allgemeine Gesch\u00e4ftsbedingungen"},"content":{"rendered":"<div data-elementor-type=\"wp-page\" data-elementor-id=\"217\" class=\"elementor elementor-217\" data-elementor-post-type=\"page\">\n\t\t\t\t<div class=\"elementor-element elementor-element-98e5284 e-flex e-con-boxed e-con e-parent\" data-id=\"98e5284\" data-element_type=\"container\">\n\t\t\t\t\t<div class=\"e-con-inner\">\n\t\t\t\t<div class=\"elementor-element elementor-element-91ac8ff elementor-widget elementor-widget-html\" data-id=\"91ac8ff\" data-element_type=\"widget\" data-widget_type=\"html.default\">\n\t\t\t\t\t<!-- Importar fuente Raleway -->\n<link href=\"https:\/\/fonts.googleapis.com\/css2?family=Raleway:wght@300;400;600;700&display=swap\" rel=\"stylesheet\">\n\n<style>\n  .terms-m4u {\n    font-family: 'Raleway', sans-serif;\n    color: #333;\n    line-height: 1.7;\n    max-width: 1000px;\n    margin: 0 auto;\n    padding: 20px;\n  }\n\n  .terms-m4u h2 {\n    font-size: 1.4em;\n    font-weight: 700;\n    margin-top: 32px;\n    margin-bottom: 12px;\n    color: #444;\n    border-left: 5px solid #ff6600; \/* Naranja Medano4you *\/\n    padding-left: 12px;\n  }\n\n  .terms-m4u p {\n    font-size: 1.05em;\n    margin-bottom: 14px;\n  }\n\n  .terms-m4u ul, .terms-m4u ol {\n    margin: 10px 0 20px 25px;\n    padding: 0;\n  }\n\n  .terms-m4u ul {\n    list-style-type: none;\n  }\n\n  .terms-m4u ul li {\n    margin-bottom: 8px;\n    font-size: 1.05em;\n    position: relative;\n    padding-left: 20px;\n  }\n\n  .terms-m4u ul li::before {\n    content: \"\u2714\";\n    color: #ff6600;\n    position: absolute;\n    left: 0;\n    font-size: 0.9em;\n  }\n\n  .terms-m4u a {\n    color: #ff6600;\n    text-decoration: none;\n  }\n\n  .terms-m4u a:hover {\n    text-decoration: underline;\n  }\n\n  .terms-m4u .note {\n    background: #fff7f0;\n    border-left: 4px solid #ff6600;\n    padding: 10px 12px;\n    margin: 10px 0 20px 0;\n  }\n<\/style>\n\n<div class=\"terms-m4u\">\n  <p class=\"translation-block\">Medano4you wurde gegr\u00fcndet, um unseren G\u00e4sten weit mehr als nur eine Unterkunft zu bieten \u2013 wir bieten \u201eFERIENH\u00c4USER\u201c.<br>\nWir bem\u00fchen uns, unseren G\u00e4sten eine pers\u00f6nliche Betreuung zu bieten und sie stets gut informiert zu halten. Wir sind ernsthaft dem Kundenservice verpflichtet und versuchen immer, unseren G\u00e4sten die bestm\u00f6gliche Aufmerksamkeit zu schenken.<br><\/p>\n\n  <h2>Buchung eines FERIENHAUSES.<\/h2>\n  <p class=\"translation-block\">Die Buchung wird erst abgeschlossen, sobald Medano4you Ihre Anzahlung erhalten hat und Sie Ihre Best\u00e4tigungs-E-Mail erhalten haben.<br>\nIm Falle einer Stornierung gelten Einschr\u00e4nkungen.<br>\nBitte lesen Sie unsere Stornierungsbedingungen f\u00fcr weitere Informationen.<br>\nWeitere Informationen zur Buchung eines Ferienhauses finden Sie auf unserer Seite mit den Buchungsrichtlinien.<br>\nG\u00e4ste unter 21 Jahren d\u00fcrfen kein Ferienhaus buchen.<br>\nWenn Sie eine Buchung vornehmen m\u00f6chten und unter 21 Jahre alt sind, senden Sie uns bitte eine Anfrage an eine unserer Kontakt-E-Mails, und wir werden Ihre Anfrage pr\u00fcfen.<br>\nSollten wir feststellen, dass eine Person unter 21 Jahren eine Buchung ohne vorherige Anfrage und Genehmigung vorgenommen hat, behalten wir uns das Recht vor, die Buchung zu stornieren.<br>\nWenn Sie \u00fcber einen Aktions-Rabattcode verf\u00fcgen, m\u00fcssen Sie diesen w\u00e4hrend des Buchungsvorgangs eingeben. Es ist nicht m\u00f6glich, den Rabatt nach Abschluss der Buchung anzuwenden.<br><\/p>\n\n  <h2>Richtlinien und Preise f\u00fcr Kinder<\/h2>\n\n  <h2>Kinder-Richtlinie<\/h2>\n  <p>Kinder jeden Alters sind willkommen.<\/p>\n\n  <h2>Kinderpreise<\/h2>\n  <p class=\"translation-block\">Kinder unter 2 Jahren \u00fcbernachten kostenlos.<br>\nG\u00e4ste ab 3 Jahren zahlen den gleichen Preis wie Erwachsene.<br>\nMedano4you stellt Reisebetten und Hochst\u00fchle kostenlos zur Verf\u00fcgung, vorbehaltlich der Verf\u00fcgbarkeit.<br><\/p>\n\n  <h2>Best\u00e4tigung Ihrer Reservierung<\/h2>\n  <p class=\"translation-block\">Wie oben angegeben, sendet Ihnen Medano4you nach Erhalt der Anzahlung eine Reservierungsbest\u00e4tigung per E-Mail, in der der bei der Ankunft zu zahlende Betrag angegeben ist. Die Best\u00e4tigungs-E-Mail enth\u00e4lt au\u00dferdem den Namen, die Adresse, die Telefonnummer und die E-Mail-Adresse der Unterkunft sowie Anweisungen zum Check-in. Wenn Sie diese Best\u00e4tigungs-E-Mail nicht innerhalb von 24 Stunden nach Ihrer Reservierung erhalten, benachrichtigen Sie bitte Medano4you per E-Mail an <a href=\"mailto:customerservice@medano4you.com\" target=\"_self\">customerservice@medano4you.com<\/a>.<br><\/p>\n\n  <h2>Ank\u00fcnfte und Abreisen<\/h2>\n  <p>You will be required to provide your estimated arrival time within 3 days in advance of your arrival. As mentioned above, details of where you will be required to go for check-in will be provided in the confirmation email. There is no refund in case of delayed arrival  or early departure. The keys of the accommodation will be handed over once the rest of the reservation has been paid, including the damage deposit and any other additional costs. All costs will appear previously in the reservation confirmation.<br>\n  Check-in time is from 15:00h and check-out time is at 11:00h. Late check-in has a fee of \u20ac30 from 7:00 PM.<br>\n  If you require a late check-out, you must be advised in advance to check the availability of the accommodation.<br>\n  Please note: Any unauthorised late check-outs will be penalised.<\/p>\n\n  <h2>Gep\u00e4ckaufbewahrung<\/h2>\n  <p class=\"translation-block\">Medano4you verf\u00fcgt \u00fcber keinen Abstellraum oder Schlie\u00dff\u00e4cher f\u00fcr Gep\u00e4ck.<br>\nWenn Sie am Tag des Check-ins vor 15:00 Uhr ankommen oder am Tag des Check-outs einen sp\u00e4ten Flug haben, haben Sie die M\u00f6glichkeit, Ihr Gep\u00e4ck zwischen 11:00 und 15:00 Uhr in Ihrem Ferienhaus zu lassen, auf eigene Verantwortung. Medano4you \u00fcbernimmt keine Haftung f\u00fcr Sch\u00e4den oder fehlendes Gep\u00e4ck.<br><\/p>\n\n  <h2>Zahlung<\/h2>\n  <p>Die Einzelheiten zum bei der Ankunft zu zahlenden Betrag werden in der Best\u00e4tigungs-E-Mail angegeben. Schecks werden nicht akzeptiert.<\/p>\n\n  <h2>Sichere Zahlung<\/h2>\n  <p>Sicherheit der Online-Zahlung: MEDANO4YOU verpflichtet sich, die Daten der Nutzer bestm\u00f6glich zu sch\u00fctzen und hat zu keinem Zeitpunkt Zugriff auf die Kreditkartennummer, die Sie in das Formular eingeben, noch kann diese eingesehen werden. Diese Information wird verschl\u00fcsselt und ist ausschlie\u00dflich f\u00fcr die Bank sichtbar.<br><\/p>\n\n  <h2>Kaution<\/h2>\n  <p class=\"translation-block\">Hinweis: NUR F\u00dcR BESTIMMTE RESERVIERUNGEN.<br>\nIn einigen F\u00e4llen muss je nach den Bedingungen der jeweiligen Unterkunft eine Kaution hinterlegt werden. Diese Kaution wird zur\u00fcckerstattet, nachdem sichergestellt wurde, dass sich die Unterkunft im gleichen Zustand befindet wie beim Check-in des Gastes. F\u00fcr alle Vermietungen wird die Kaution bis zu 7 Tage nach der Abreise zur\u00fcckerstattet, vorausgesetzt, das Ferienhaus befindet sich in einem guten Zustand und ohne Sch\u00e4den. Andernfalls h\u00e4ngt der R\u00fcckzahlungszeitraum der Kaution von den Bedingungen einer \u00dcberpr\u00fcfung der Unterkunft sowie von den abzuziehenden Kosten f\u00fcr Sch\u00e4den oder Verbrauch ab.<br>\nDie Kaution kann per Vorautorisierung auf einer Kredit- oder Debitkarte belastet werden. Der Betrag wird f\u00fcr 7 Tage auf der Karte blockiert und danach automatisch wieder freigegeben, sofern das Ferienhaus in einem akzeptablen Zustand hinterlassen wurde. Bitte pr\u00fcfen Sie Ihre Best\u00e4tigungs-E-Mail, um herauszufinden, ob die Zahlung per Vorautorisierung erforderlich ist. Bitte beachten Sie, dass Medano4you keine Geb\u00fchren \u00fcbernimmt, die durch R\u00fcckerstattungen von Kautionen per Bank\u00fcberweisung oder PayPal entstehen.<br><\/p>\n\n  <h2>Belegung<\/h2>\n  <p>Die Anzahl der G\u00e4ste, die das Ferienhaus belegen, muss mit der Anzahl der G\u00e4ste in der Reservierungsbest\u00e4tigung \u00fcbereinstimmen. \u00c4nderungen an der G\u00e4stezahl d\u00fcrfen nicht ohne vorherige Benachrichtigung von Medano4you vorgenommen werden. Sobald eine Reservierung best\u00e4tigt wurde, kann jede Erh\u00f6hung der G\u00e4stezahl zu einer Preiserh\u00f6hung f\u00fchren. Wenn Sie die Anzahl der G\u00e4ste in Ihrer Reservierung verringern m\u00f6chten, bleibt der Gesamtpreis unver\u00e4ndert. Haustiere sind in den Unterk\u00fcnften nicht erlaubt, es sei denn, Sie haben zuvor per E-Mail eine Genehmigung bei Medano4you angefragt. Buchungen mit Haustieren k\u00f6nnen zus\u00e4tzliche Kosten verursachen.<br><\/p>\n\n  <h2>Verhaltensregeln in einem Ferienhaus in Wohngebieten<\/h2>\n  <p class=\"translation-block\">Unsere Ferienh\u00e4user befinden sich in Wohngebieten und Geb\u00e4uden; daher sind Partys in allen Unterk\u00fcnften strengstens verboten. Wir bitten unsere G\u00e4ste, die Nachbarn zu respektieren und nach 22:00 Uhr keine laute Musik zu spielen oder allgemein lauten L\u00e4rm zu verursachen. Sollte ein Gast gegen diese Bedingung versto\u00dfen, was zu einer Beschwerde der Nachbarn und\/oder einer Benachrichtigung der Polizei f\u00fchrt, beh\u00e4lt sich Medano4you das Recht vor, alle G\u00e4ste sofort aus der Unterkunft zu entfernen und die Kaution einzubehalten.<br>\nSie sind f\u00fcr Ihr eigenes Verhalten verantwortlich<br><\/p>\n\n  <h2>\u00c4nderungen von Reservierungen<\/h2>\n  <p class=\"translation-block\">Im Falle h\u00f6herer Gewalt oder unvorhergesehener Umst\u00e4nde (einschlie\u00dflich, aber nicht beschr\u00e4nkt auf: nicht geplante Bauarbeiten, Wassersch\u00e4den usw.), die dazu f\u00fchren, dass Medano4you Ihnen das gebuchte Ferienhaus nicht zur Verf\u00fcgung stellen kann, werden Sie benachrichtigt und Ihnen wird eine alternative Unterkunft mit \u00e4hnlichen Eigenschaften angeboten. Sollten Sie mit der vorgeschlagenen Unterkunft nicht einverstanden sein, haben Sie das Recht, die Buchung zu stornieren und eine vollst\u00e4ndige R\u00fcckerstattung zu erhalten. Medano4you haftet in diesem Fall nicht f\u00fcr weitere Anspr\u00fcche des Gastes.<br>\nWenn Sie die Anzahl der N\u00e4chte oder G\u00e4ste in der Wohnung erh\u00f6hen m\u00f6chten, wird Ihnen \u2013 vorbehaltlich der Verf\u00fcgbarkeit \u2013 derselbe Preis pro Person und Nacht berechnet, wie in der urspr\u00fcnglichen Buchung angegeben. Bitte beachten Sie jedoch, dass bei einer Verringerung der Anzahl der G\u00e4ste oder der N\u00e4chte der Gesamtmietpreis unver\u00e4ndert bleibt, sobald die Reservierung best\u00e4tigt wurde.<br><\/p>\n\n  <h2>Sch\u00e4den, Abnutzung und verlorene Gegenst\u00e4nde<\/h2>\n  <p>Die G\u00e4ste sind w\u00e4hrend ihres Aufenthalts f\u00fcr den Zustand der Unterkunft verantwortlich und haften f\u00fcr jede Art von Bruch, Besch\u00e4digung oder Verlust, der im Ferienhaus auftritt, einschlie\u00dflich Sch\u00e4den oder Verlust von M\u00f6beln, Ger\u00e4ten, Schl\u00fcsseln usw. Wenn ein Gegenstand besch\u00e4digt oder verloren geht, kann Medano4you die Zahlung f\u00fcr diesen Gegenstand verlangen, die von der Kaution abgezogen wird. Deckt die Kaution die Kosten f\u00fcr Reparaturen oder den Ersatz des Gegenstands nicht, m\u00fcssen Sie die Differenz bezahlen. Falls keine Kaution hinterlegt wurde, muss der Gast die Zahlung f\u00fcr alle verursachten Sch\u00e4den \u00fcbernehmen. Sie m\u00fcssen Medano4you unverz\u00fcglich \u00fcber jeden Schaden, Bruch oder Verlust informieren, der w\u00e4hrend Ihres Aufenthalts auftritt.<br><\/p>\n\n  <p class=\"note\">HINWEIS: Medano4you ist nicht verantwortlich f\u00fcr direkte oder indirekte Sch\u00e4den, die durch die Nutzung einer unzureichenden Infrastruktur entstehen k\u00f6nnen, einschlie\u00dflich, aber nicht beschr\u00e4nkt auf: Zerst\u00f6rung, Verluste infolge von Feuer, Diebstahl, Straftaten, Unf\u00e4lle oder Unterbrechungen der Strom- oder Wasserversorgung.<br><\/p>\n\n  <h2>Reinigungsgeb\u00fchr<br><\/h2>\n  <p class=\"translation-block\">Die G\u00e4ste m\u00fcssen die Wohnung im gleichen sauberen Zustand zur\u00fcckgeben, in dem sie bei der Ankunft vorgefunden wurde, mit Ausnahme von Verschmutzungen, die durch die normale und akzeptable Nutzung der Unterkunft entstehen.<br>\nBei jeder Abreise wird ein Fotobericht der Unterkunft erstellt, der als Nachweis f\u00fcr den Zustand der Unterkunft dient.<br>\nWenn die vom Gast f\u00fcr die Endreinigung gezahlten Geb\u00fchren durch zus\u00e4tzliche Reinigungs- und W\u00e4schestunden aufgrund des schlechten Zustands der Unterkunft \u00fcberschritten werden, kann Medano4you dem Gast die entstandenen Mehrkosten in Rechnung stellen.<br>\nMedano4you kann zus\u00e4tzliche Reinigungsdienste gegen Aufpreis anbieten. Sie k\u00f6nnen diesen Service per E-Mail an <a href=\"mailto:customerservice@medano4you.com\" target=\"_self\">customerservice@medano4you.com<\/a> anfordern.<br><\/p>\n\n  <h2>Probleme bei der Ankunft oder w\u00e4hrend Ihres Aufenthalts<br><\/h2>\n  <p class=\"translation-block\">Sollten Sie bei der Ankunft ein Problem in der Unterkunft feststellen, einschlie\u00dflich Reinigungsm\u00e4ngeln oder besch\u00e4digter bzw. fehlender Gegenst\u00e4nde, sind Sie verpflichtet, uns unverz\u00fcglich, sp\u00e4testens jedoch innerhalb von 24 Stunden nach dem Check-in, per E-Mail an <a href=\"mailto:customerservice@medano4you.com\" target=\"_self\">customerservice@medano4you.com<\/a> oder unter der angegebenen Telefonnummer zu kontaktieren, um uns \u00fcber diesen Vorfall zu informieren. Wir werden uns bem\u00fchen, das Problem so schnell wie m\u00f6glich zu beheben. Das Problem sollte innerhalb eines angemessenen Zeitraums gel\u00f6st werden, jedoch k\u00f6nnen Sie, falls keine L\u00f6sung bereitgestellt werden kann, in ein alternatives Ferienhaus mit \u00e4hnlichen Eigenschaften umgezogen werden, vorbehaltlich der Verf\u00fcgbarkeit. Eine Entsch\u00e4digung wird nicht nach dem Aufenthaltszeitraum gew\u00e4hrt, wenn Medano4you w\u00e4hrend des Aufenthalts nicht \u00fcber das Problem informiert wurde.<br><\/p>\n\n  <h2>G\u00e4stebewertungen<br><\/h2>\n  <p class=\"translation-block\">Das Feedback, das wir von unseren Kunden erhalten, ist f\u00fcr uns sehr wichtig.<br>\nIndem Sie unsere Kundenbewertung\/Online-Umfrage ausf\u00fcllen, akzeptieren Sie, dass wir die von Ihnen bereitgestellten Informationen auf unserer Website ver\u00f6ffentlichen d\u00fcrfen, mit dem alleinigen Zweck, zuk\u00fcnftige Kunden \u00fcber Ihre Meinung zur Qualit\u00e4t der Wohnung und der von Medano4you erhaltenen Dienstleistungen zu informieren. Wir behalten uns das Recht vor, Bewertungen nach eigenem Ermessen zu verwenden, zu reproduzieren, zu \u00e4ndern, anzupassen, zu \u00fcbersetzen, zu verbreiten, zu ver\u00f6ffentlichen, abgeleitete Werke daraus zu erstellen, \u00f6ffentlich anzuzeigen, abzulehnen oder zu entfernen. Die von Ihnen bereitgestellten Informationen k\u00f6nnen auch mit unseren verbundenen, co-gebrandeten und\/oder verlinkten Website-Partnern geteilt werden.<br><\/p>\n\n  <h2>Garantien und R\u00fcckerstattungen<br><\/h2>\n  <p>Die Gew\u00e4hrleistung der angebotenen Dienstleistungen richtet sich nach den folgenden Artikeln auf der Grundlage des K\u00f6niglichen Gesetzesdekrets 1\/2007 vom 16. November und dessen Aktualisierungen, das den \u00fcberarbeiteten Text des Allgemeinen Gesetzes zum Schutz der Verbraucher und Nutzer sowie anderer erg\u00e4nzender Gesetze genehmigt.<br><\/p>\n\n  <h2>Erf\u00fcllung der Dienstleistungen<br><\/h2>\n  <p class=\"translation-block\">1. Sofern nicht das Gegenteil nachgewiesen wird, gelten die Dienstleistungen als mit der vorgenommenen Buchung \u00fcbereinstimmend, sofern sie alle folgenden Anforderungen erf\u00fcllen, es sei denn, die jeweiligen Umst\u00e4nde der Dienstleistungen machen dies nicht anwendbar:<br>\na) Sie entsprechen der von Medano4you gegebenen Beschreibung.<br>\nb) Sie sind f\u00fcr jede besondere Nutzung geeignet, die der Kunde w\u00fcnscht, sofern der Kunde Medano4you dies zum Zeitpunkt des Vertragsabschlusses mitgeteilt hat und Medano4you akzeptiert hat, dass die Dienstleistung f\u00fcr diese Nutzung geeignet ist.<br>\nc) Sie weisen die \u00fcbliche Qualit\u00e4t und Leistung auf, die der Kunde von einer Dienstleistung dieser Art vern\u00fcnftigerweise erwarten kann, unter Ber\u00fccksichtigung der Art der Dienstleistung und gegebenenfalls der von Medano4you beschriebenen spezifischen Merkmale.<br><\/p>\n\n  <p class=\"translation-block\">2. Eine Nichterf\u00fcllung, die daraus resultiert, dass eine Dienstleistung nicht erbracht oder bereitgestellt wurde, gilt als Nichterf\u00fcllung der angebotenen Dienstleistung, sofern Medano4you daf\u00fcr verantwortlich ist; im Gegenteil, wenn die nicht erbrachte oder nicht bereitgestellte Dienstleistung auf Fahrl\u00e4ssigkeit oder Fehlverhalten des KUNDEN zur\u00fcckzuf\u00fchren ist, gilt Medano4you nicht als verantwortlich und es wird davon ausgegangen, dass die Dienstleistung den in der Buchung vereinbarten Bedingungen entspricht.<br>\n3. Es besteht keinerlei Haftung f\u00fcr eine Nichterf\u00fcllung, die dem Kunden zum Zeitpunkt des Vertragsabschlusses bekannt war oder nicht unbekannt sein konnte oder die aus den vom Kunden bereitgestellten Informationen stammt.<br><\/p>\n\n  <h2>Reklamationen<br><\/h2>\n  <p class=\"translation-block\">Unser Grundsatz ist es, unseren G\u00e4sten ein komfortables Zuhause f\u00fcr ihren Urlaub zu bieten.<br>\nSollte es w\u00e4hrend Ihres Aufenthalts in einem Ferienhaus zu einer St\u00f6rung der Einrichtungen oder Haushaltsger\u00e4te kommen, m\u00fcssen Sie MEDANO4YOU umgehend schriftlich an die Ihnen beim Check-in angegebene E-Mail-Adresse benachrichtigen, damit diese Vorf\u00e4lle so schnell wie m\u00f6glich behoben werden k\u00f6nnen.<br>\nIm Falle h\u00f6herer Gewalt (Sch\u00e4den durch Wasser, Feuer usw.) wird MEDANO4YOU die gebuchte Unterkunft durch eine andere mit den gleichen Eigenschaften ersetzen.<br><\/p>\n\n  <h2>Online-Streitbeilegung (ODR)<br><\/h2>\n  <p class=\"translation-block\">Gem\u00e4\u00df Art. 14.1 der Verordnung (EU) 524\/2013 stellt die Europ\u00e4ische Kommission eine kostenlose Plattform f\u00fcr die Online-Streitbeilegung zwischen dem KUNDEN und Medano4you zur Verf\u00fcgung, ohne dass es erforderlich ist, die Gerichte anzurufen. Dies geschieht durch die Einschaltung einer dritten Partei, der sogenannten Streitbeilegungsstelle, die als Vermittler zwischen den Parteien fungiert. Diese Stelle ist neutral und wird mit beiden Parteien einen Dialog f\u00fchren, um eine Einigung zu erzielen, und kann letztlich eine L\u00f6sung f\u00fcr den Konflikt vorschlagen und\/oder auferlegen.<br>\nLink zur ODR-Plattform: <a href=\"http:\/\/ec.europa.eu\/consumers\/odr\/\" target=\"_blank\" rel=\"noopener\">http:\/\/ec.europa.eu\/consumers\/odr\/<\/a><br><\/p>\n\n  <h2>H\u00f6here Gewalt<br><\/h2>\n  <p>Die Parteien haften nicht f\u00fcr Pflichtverletzungen, die auf h\u00f6here Gewalt zur\u00fcckzuf\u00fchren sind. Jede vertragliche Verpflichtung wird aufgeschoben, bis die genannten Umst\u00e4nde beendet sind.<br><\/p>\n\n  <h2>Allgemeine Informationen zum Angebot<br><\/h2>\n  <p class=\"translation-block\">Alle von Medano4you get\u00e4tigten Verk\u00e4ufe und Vereinbarungen unterliegen diesen Allgemeinen Gesch\u00e4ftsbedingungen.<br>\nKeine \u00c4nderung, Abweichung oder Vereinbarung, die im Widerspruch zum kommerziellen Angebot von Medano4you oder zu den hierin festgelegten Bestimmungen steht, hat G\u00fcltigkeit, es sei denn, sie wurde ausdr\u00fccklich schriftlich von Medano4you vereinbart und unterzeichnet; in diesem Fall haben diese besonderen Vereinbarungen Vorrang.<br>\nAngesichts der kontinuierlichen technischen Fortschritte und Verbesserungen der Dienstleistungen beh\u00e4lt sich Medano4you das Recht vor, seine Spezifikationen in Bezug auf die in seiner Werbung bereitgestellten Informationen zu \u00e4ndern, solange dies den Wert der angebotenen Dienstleistungen nicht beeintr\u00e4chtigt. Diese \u00c4nderungen gelten auch dann, wenn aus irgendeinem Grund die M\u00f6glichkeit der Erbringung der angebotenen Dienstleistungen betroffen ist.<br><\/p>\n<\/div>\t\t\t\t<\/div>\n\t\t\t\t\t<\/div>\n\t\t\t\t<\/div>\n\t\t\t\t<\/div>","protected":false},"excerpt":{"rendered":"<p>Medano4you has been established to provide our guests with much more than just accommodation, we provide &#8220;HOLIDAY HOMES&#8221;. We strive to offer personalised attention to our guests, and to always keep them well informed. We are seriously committed to customer service, and always try to offer the best attention to our guests. Booking a HOLIDAY [&hellip;]<\/p>","protected":false},"author":1,"featured_media":0,"parent":0,"menu_order":0,"comment_status":"closed","ping_status":"closed","template":"","meta":{"footnotes":""},"class_list":["post-217","page","type-page","status-publish","hentry"],"_links":{"self":[{"href":"https:\/\/medano4you.com\/de\/wp-json\/wp\/v2\/pages\/217","targetHints":{"allow":["GET"]}}],"collection":[{"href":"https:\/\/medano4you.com\/de\/wp-json\/wp\/v2\/pages"}],"about":[{"href":"https:\/\/medano4you.com\/de\/wp-json\/wp\/v2\/types\/page"}],"author":[{"embeddable":true,"href":"https:\/\/medano4you.com\/de\/wp-json\/wp\/v2\/users\/1"}],"replies":[{"embeddable":true,"href":"https:\/\/medano4you.com\/de\/wp-json\/wp\/v2\/comments?post=217"}],"version-history":[{"count":8,"href":"https:\/\/medano4you.com\/de\/wp-json\/wp\/v2\/pages\/217\/revisions"}],"predecessor-version":[{"id":493,"href":"https:\/\/medano4you.com\/de\/wp-json\/wp\/v2\/pages\/217\/revisions\/493"}],"wp:attachment":[{"href":"https:\/\/medano4you.com\/de\/wp-json\/wp\/v2\/media?parent=217"}],"curies":[{"name":"wp","href":"https:\/\/api.w.org\/{rel}","templated":true}]}}