{"id":474,"date":"2025-11-17T16:32:57","date_gmt":"2025-11-17T16:32:57","guid":{"rendered":"https:\/\/medano4you.com\/?page_id=474"},"modified":"2025-11-18T11:50:30","modified_gmt":"2025-11-18T11:50:30","slug":"check-in-and-check-out-policy","status":"publish","type":"page","link":"https:\/\/medano4you.com\/de\/check-in-and-check-out-policy\/","title":{"rendered":"Check-in and Check-out policy"},"content":{"rendered":"<div data-elementor-type=\"wp-page\" data-elementor-id=\"474\" class=\"elementor elementor-474\" data-elementor-post-type=\"page\">\n\t\t\t\t<div class=\"elementor-element elementor-element-0c0c0c8 e-flex e-con-boxed e-con e-parent\" data-id=\"0c0c0c8\" data-element_type=\"container\">\n\t\t\t\t\t<div class=\"e-con-inner\">\n\t\t\t\t<div class=\"elementor-element elementor-element-c1bdeca elementor-widget elementor-widget-html\" data-id=\"c1bdeca\" data-element_type=\"widget\" data-widget_type=\"html.default\">\n\t\t\t\t\t<!-- Medano4you \u2013 Check-in and Check-out Policy -->\n<link href=\"https:\/\/fonts.googleapis.com\/css2?family=Raleway:wght@300;400;600;700&display=swap\" rel=\"stylesheet\">\n\n<style>\n  .m4u-policy {\n    font-family: 'Raleway', sans-serif;\n    color: #1f2937;\n    max-width: 900px;\n    margin: 0 auto;\n    padding: 32px 20px 40px;\n    line-height: 1.7;\n    background: #ffffff;\n  }\n  .m4u-policy h1 {\n    font-size: 1.9rem;\n    margin-bottom: 16px;\n    font-weight: 700;\n    text-align: center;\n    color: #ff6600;\n  }\n  .m4u-policy h2 {\n    font-size: 1.25rem;\n    margin: 26px 0 10px;\n    padding-bottom: 4px;\n    border-bottom: 1px solid #e5e7eb;\n    font-weight: 600;\n  }\n  .m4u-policy p {\n    margin: 8px 0;\n  }\n  .m4u-policy ul {\n    margin: 10px 0 10px 20px;\n    padding: 0;\n  }\n  .m4u-policy li {\n    margin: 4px 0;\n  }\n<\/style>\n\n<div class=\"m4u-policy\">\n  <h1>Check-in and Check-out Policy<\/h1>\n\n  <h2>Check in<\/h2>\n  <p>Innerhalb von maximal 24 Stunden nach Abschluss Ihrer Buchung erhalten Sie eine Best\u00e4tigungs-E-Mail mit den Kontaktdaten zu Ihrer Reservierung sowie allen Informationen, die Sie f\u00fcr die Durchf\u00fchrung des Check-ins ben\u00f6tigen.<\/p>\n\n  <p class=\"translation-block\">Sie sind verpflichtet, uns mindestens 3 Tage vor Ihrer Anreise per E-Mail an \n<a href=\"mailto:customerservice@medano4you.com\" target=\"_self\">customerservice@medano4you.com<\/a> \nzu kontaktieren, um uns Ihre voraussichtliche Ankunftszeit in Ihrer Ferienunterkunft mitzuteilen, \nsowie \u2013 falls zutreffend \u2013 Ihre Flugnummer und die entsprechende Uhrzeit.<\/p>\n\n  <p>Die Check-in-Zeit ist ab 15:00 Uhr.<\/p>\n  <p>Ein sp\u00e4ter Check-in kostet ab 19:00 Uhr eine Geb\u00fchr von 30 \u20ac.<\/p>\n\n  <p>Wenn sich die voraussichtliche Ankunftszeit um mehr als 30 Minuten verz\u00f6gert, m\u00fcssen Sie uns umgehend unter der angegebenen Telefonnummer kontaktieren, um uns dar\u00fcber zu informieren. Andernfalls k\u00f6nnen wir den Zugang zum Unterkunftsobjekt zum vereinbarten Zeitpunkt nicht garantieren.<\/p>\n\n  <p>Bei Ihrer Ankunft m\u00fcssen Sie zum Treffpunkt gehen, \u00fcber den Sie per E-Mail informiert wurden. Sie m\u00fcssen Folgendes mitbringen:<\/p>\n  <ul>\n    <li>Die Buchungsbest\u00e4tigung per E-Mail auf Ihrem Mobiltelefon.<\/li>\n    <li>G\u00fcltige Ausweisdokumente f\u00fcr alle G\u00e4ste, die im Ferienhaus wohnen, sofern diese nicht bereits beim Online-Check-in angegeben wurden.<\/li>\n    <li>Zahlungsnachweis \u00fcber den verbleibenden Restbetrag Ihrer Buchung, sofern in Ihrer Best\u00e4tigungs-E-Mail keine andere Zahlungsart angegeben ist.<\/li>\n    <li>Kaution, nur f\u00fcr Buchungen, bei denen diese erforderlich ist. Bitte beachten Sie Ihre Best\u00e4tigungs-E-Mail, in der angegeben ist, wie die Kaution zu zahlen ist. Weitere Informationen zur Kaution finden Sie auf unserer Seite \"Allgemeine Gesch\u00e4ftsbedingungen\u201c.<\/li>\n  <\/ul>\n\n  <p>Nach dem Check-in erhalten Sie die Schl\u00fcssel zu Ihrem Ferienhaus.<\/p>\n\n  <p>Wenn Sie am Anreisetag vor 15:00 Uhr eintreffen oder am Abreisetag einen sp\u00e4ten Flug haben, haben Sie die M\u00f6glichkeit, Ihr Gep\u00e4ck zwischen 11:00 und 15:00 Uhr in Ihrem Ferienhaus zu lassen \u2013 auf eigene Verantwortung. Medano4you \u00fcbernimmt keine Haftung f\u00fcr besch\u00e4digtes oder verlorenes Gep\u00e4ck.<\/p>\n\n  <p>Wenn Sie w\u00e4hrend Ihres Aufenthalts ein Problem in der Unterkunft feststellen \u2013 sei es ein Schaden oder das Fehlen eines Gegenstands oder Utensils \u2013, bitten wir Sie, uns umgehend zu kontaktieren, damit wir versuchen k\u00f6nnen, das Problem so schnell wie m\u00f6glich zu l\u00f6sen. Weitere Informationen finden Sie auf unserer Seite mit den Allgemeinen Gesch\u00e4ftsbedingungen.<\/p>\n\n  <h2>Check-out<\/h2>\n  <p>Sie m\u00fcssen die Wohnung um 11:00 Uhr verlassen. F\u00fcr weitere Informationen lesen Sie bitte unsere Seite mit den Allgemeinen Gesch\u00e4ftsbedingungen.<\/p>\n\n  <p class=\"translation-block\">Wenn Sie einen Late Check-out beantragen m\u00f6chten, kontaktieren Sie Medano4you bitte per E-Mail unter <a href=\"mailto:customerservice@medano4you.com\" target=\"_self\">customerservice@medano4you.com<\/a>.  \nWenn die Unterkunft verf\u00fcgbar ist und wir eine Vereinbarung treffen, kann es sein, dass Ihnen der volle Preis f\u00fcr eine Nacht oder der mit Medano4you vereinbarte Betrag berechnet wird.<\/p>\n\n  <p class=\"translation-block\">Beim Verlassen der Unterkunft muss diese in demselben Sauberkeitszustand sein wie bei Ihrer Ankunft, abgesehen von der normalen Verschmutzung durch die \u00fcbliche Nutzung eines Ferienhauses.  \nWenn die G\u00e4ste es w\u00fcnschen, k\u00f6nnen sie einen zus\u00e4tzlichen Reinigungsservice von Medano4you gegen Aufpreis anfordern.  \nF\u00fcr weitere Informationen zu diesem Service kontaktieren Sie uns bitte unter <a href=\"mailto:customerservice@medano4you.com\" target=\"_self\">customerservice@medano4you.com<\/a>.<\/p>\n\n  <p>Bei Ihrer Ankunft informieren wir Sie \u00fcber die Schritte, die Sie bei der Abreise aus der Unterkunft befolgen m\u00fcssen, sowie dar\u00fcber, wo Sie die Schl\u00fcssel hinterlassen sollen.<\/p>\n<\/div>\t\t\t\t<\/div>\n\t\t\t\t<div class=\"elementor-element elementor-element-cf9acdf elementor-widget elementor-widget-spacer\" data-id=\"cf9acdf\" data-element_type=\"widget\" data-widget_type=\"spacer.default\">\n\t\t\t\t\t\t\t<div class=\"elementor-spacer\">\n\t\t\t<div class=\"elementor-spacer-inner\"><\/div>\n\t\t<\/div>\n\t\t\t\t\t\t<\/div>\n\t\t\t\t\t<\/div>\n\t\t\t\t<\/div>\n\t\t\t\t<\/div>","protected":false},"excerpt":{"rendered":"<p>Check-in and Check-out Policy Check in Within a maximum of 24 hours after you have successfully completed your booking, you will receive a confirmation email with the contact information for your booking and details of how you should complete your check-in procedure. You are required to contact us, by email at customerservice@medano4you.com at least 3 [&hellip;]<\/p>","protected":false},"author":1,"featured_media":0,"parent":0,"menu_order":0,"comment_status":"closed","ping_status":"closed","template":"","meta":{"footnotes":""},"class_list":["post-474","page","type-page","status-publish","hentry"],"_links":{"self":[{"href":"https:\/\/medano4you.com\/de\/wp-json\/wp\/v2\/pages\/474","targetHints":{"allow":["GET"]}}],"collection":[{"href":"https:\/\/medano4you.com\/de\/wp-json\/wp\/v2\/pages"}],"about":[{"href":"https:\/\/medano4you.com\/de\/wp-json\/wp\/v2\/types\/page"}],"author":[{"embeddable":true,"href":"https:\/\/medano4you.com\/de\/wp-json\/wp\/v2\/users\/1"}],"replies":[{"embeddable":true,"href":"https:\/\/medano4you.com\/de\/wp-json\/wp\/v2\/comments?post=474"}],"version-history":[{"count":14,"href":"https:\/\/medano4you.com\/de\/wp-json\/wp\/v2\/pages\/474\/revisions"}],"predecessor-version":[{"id":489,"href":"https:\/\/medano4you.com\/de\/wp-json\/wp\/v2\/pages\/474\/revisions\/489"}],"wp:attachment":[{"href":"https:\/\/medano4you.com\/de\/wp-json\/wp\/v2\/media?parent=474"}],"curies":[{"name":"wp","href":"https:\/\/api.w.org\/{rel}","templated":true}]}}