{"id":542,"date":"2026-03-12T13:33:56","date_gmt":"2026-03-12T13:33:56","guid":{"rendered":"https:\/\/medano4you.com\/?page_id=542"},"modified":"2026-03-12T14:39:07","modified_gmt":"2026-03-12T14:39:07","slug":"cancellation-policy","status":"publish","type":"page","link":"https:\/\/medano4you.com\/de\/cancellation-policy\/","title":{"rendered":"Stornierungsbedingungen"},"content":{"rendered":"<div data-elementor-type=\"wp-page\" data-elementor-id=\"542\" class=\"elementor elementor-542\" data-elementor-post-type=\"page\">\n\t\t\t\t<div class=\"elementor-element elementor-element-d7f224f e-flex e-con-boxed e-con e-parent\" data-id=\"d7f224f\" data-element_type=\"container\">\n\t\t\t\t\t<div class=\"e-con-inner\">\n\t\t\t\t<div class=\"elementor-element elementor-element-e032d81 elementor-widget elementor-widget-html\" data-id=\"e032d81\" data-element_type=\"widget\" data-widget_type=\"html.default\">\n\t\t\t\t\t<section style=\"max-width:950px;margin:60px auto;padding:0 20px;font-family:-apple-system,BlinkMacSystemFont,'Segoe UI',Roboto,Helvetica,Arial,sans-serif;\">\n\n  <div style=\"background:#ffffff;border-radius:18px;box-shadow:0 15px 40px rgba(0,0,0,0.08);overflow:hidden;border:1px solid #f1f5f9;\">\n\n    <!-- Header -->\n    <div style=\"background:linear-gradient(135deg,#ff7a00,#ff9f2a);padding:36px 40px;\">\n      <h2 style=\"margin:0;color:#ffffff;font-size:32px;font-weight:600;letter-spacing:-0.3px;\">\n        Stornierungsbedingungen\n      <\/h2>\n      <p style=\"margin-top:10px;color:rgba(255,255,255,0.9);font-size:15px;\">\n        Bedingungen f\u00fcr Reservierungen bei Medano4you\n      <\/p>\n    <\/div>\n\n    <!-- Content -->\n    <div style=\"padding:40px;line-height:1.75;color:#374151;font-size:16px;\">\n\n      <p class=\"translation-block\">Zur Best\u00e4tigung einer Reservierung ist eine <strong>Anzahlung von 30 % des Gesamtbetrags des Aufenthalts<\/strong> erforderlich.<\/p>\n\n      <p class=\"translation-block\">Im Falle einer Stornierung <strong>ist die Anzahlung nicht erstattungsf\u00e4hig<\/strong>. Der Gast kann jedoch \n<strong>die Reisedaten einmal \u00e4ndern<\/strong>, sofern die Anfrage \n<strong>mindestens 30 Tage vor dem Anreisedatum<\/strong> gestellt wird und f\u00fcr die neuen Termine \noder eine andere von Medano4you verwaltete Unterkunft Verf\u00fcgbarkeit besteht.<\/p>\n\n      <p class=\"translation-block\">Reservierungen, die <strong>weniger als 30 Tage vor dem Anreisedatum<\/strong> vorgenommen werden, k\u00f6nnen nicht ge\u00e4ndert werden \nund die Anzahlung kann im Falle einer Stornierung nicht wiederverwendet werden.<\/p>\n\n      <p class=\"translation-block\">Stornierungsanfragen m\u00fcssen <strong>schriftlich per E-Mail<\/strong> erfolgen.<\/p>\n\n      <p class=\"translation-block\">Im Falle von <strong>Nichtanreise (No-Show), versp\u00e4teter Ankunft oder vorzeitiger Abreise<\/strong> erfolgt keine R\u00fcckerstattung \nf\u00fcr nicht genutzte N\u00e4chte.<\/p>\n\n      <p class=\"translation-block\">Sollte die gebuchte Unterkunft aufgrund au\u00dfergew\u00f6hnlicher Umst\u00e4nde aus Gr\u00fcnden, die au\u00dferhalb der Kontrolle des Gastes liegen, nicht verf\u00fcgbar sein, \nbeh\u00e4lt sich Medano4you das Recht vor, <strong>eine alternative Unterkunft mit \u00e4hnlichen oder besseren Eigenschaften<\/strong> anzubieten. \nWenn der Gast die vorgeschlagene Alternative nicht akzeptiert, erfolgt <strong>eine vollst\u00e4ndige R\u00fcckerstattung der gezahlten Betr\u00e4ge<\/strong>.<\/p>\n\n      <!-- Highlight -->\n      <div style=\"margin-top:30px;padding:22px 24px;background:#fff7ed;border-radius:12px;border:1px solid #fed7aa;\">\n        <p style=\"margin:0;font-size:15px;color:#7c2d12;\" class=\"translation-block\"><strong>Wichtig:<\/strong> Reservierungen, die \u00fcber externe Plattformen wie \n<strong>Airbnb, Booking.com oder andere Buchungsplattformen<\/strong> vorgenommen wurden, unterliegen den \nStornierungsbedingungen und Bestimmungen dieser Plattformen.<\/p>\n      <\/div>\n\n    <\/div>\n\n  <\/div>\n\n<\/section>\t\t\t\t<\/div>\n\t\t\t\t\t<\/div>\n\t\t\t\t<\/div>\n\t\t\t\t<\/div>","protected":false},"excerpt":{"rendered":"<p>Cancellation Policy Conditions applicable to reservations made with Medano4you To confirm a reservation, a 30% deposit of the total stay amount is required. In case of cancellation, the deposit is non-refundable. However, the guest may change the reservation dates once, provided that the request is made at least 30 days before the arrival date and [&hellip;]<\/p>","protected":false},"author":1,"featured_media":0,"parent":0,"menu_order":0,"comment_status":"closed","ping_status":"closed","template":"","meta":{"footnotes":""},"class_list":["post-542","page","type-page","status-publish","hentry"],"_links":{"self":[{"href":"https:\/\/medano4you.com\/de\/wp-json\/wp\/v2\/pages\/542","targetHints":{"allow":["GET"]}}],"collection":[{"href":"https:\/\/medano4you.com\/de\/wp-json\/wp\/v2\/pages"}],"about":[{"href":"https:\/\/medano4you.com\/de\/wp-json\/wp\/v2\/types\/page"}],"author":[{"embeddable":true,"href":"https:\/\/medano4you.com\/de\/wp-json\/wp\/v2\/users\/1"}],"replies":[{"embeddable":true,"href":"https:\/\/medano4you.com\/de\/wp-json\/wp\/v2\/comments?post=542"}],"version-history":[{"count":6,"href":"https:\/\/medano4you.com\/de\/wp-json\/wp\/v2\/pages\/542\/revisions"}],"predecessor-version":[{"id":548,"href":"https:\/\/medano4you.com\/de\/wp-json\/wp\/v2\/pages\/542\/revisions\/548"}],"wp:attachment":[{"href":"https:\/\/medano4you.com\/de\/wp-json\/wp\/v2\/media?parent=542"}],"curies":[{"name":"wp","href":"https:\/\/api.w.org\/{rel}","templated":true}]}}