{"id":7,"date":"2025-09-27T13:43:33","date_gmt":"2025-09-27T13:43:33","guid":{"rendered":"https:\/\/medano4you.com\/?page_id=7"},"modified":"2026-01-16T15:52:05","modified_gmt":"2026-01-16T15:52:05","slug":"es_es","status":"publish","type":"page","link":"https:\/\/medano4you.com\/de\/","title":{"rendered":""},"content":{"rendered":"<div data-elementor-type=\"wp-post\" data-elementor-id=\"7\" class=\"elementor elementor-7\" data-elementor-post-type=\"page\">\n\t\t\t\t<div class=\"elementor-element elementor-element-undefined-0092b3c e-flex e-con-boxed e-con e-parent\" data-id=\"undefined-0092b3c\" data-element_type=\"container\" data-settings=\"{&quot;background_background&quot;:&quot;classic&quot;}\">\n\t\t\t\t\t<div class=\"e-con-inner\">\n\t\t\t\t<div class=\"elementor-element elementor-element-undefined-564f2b7 elementor-widget elementor-widget-heading\" data-id=\"undefined-564f2b7\" data-element_type=\"widget\" data-widget_type=\"heading.default\">\n\t\t\t\t\t<h1 class=\"elementor-heading-title elementor-size-default\">Entdecke einzigartige Apartments in El M\u00e9dano\n<\/h1>\t\t\t\t<\/div>\n\t\t\t\t<div class=\"elementor-element elementor-element-5ef49ad elementor-widget elementor-widget-spacer\" data-id=\"5ef49ad\" data-element_type=\"widget\" data-widget_type=\"spacer.default\">\n\t\t\t\t\t\t\t<div class=\"elementor-spacer\">\n\t\t\t<div class=\"elementor-spacer-inner\"><\/div>\n\t\t<\/div>\n\t\t\t\t\t\t<\/div>\n\t\t\t\t<div class=\"elementor-element elementor-element-undefined-ee68cb9 elementor-widget elementor-widget-heading\" data-id=\"undefined-ee68cb9\" data-element_type=\"widget\" data-widget_type=\"heading.default\">\n\t\t\t\t\t<h5 class=\"elementor-heading-title elementor-size-default\">Dein n\u00e4chstes Abenteuer wartet<\/h5>\t\t\t\t<\/div>\n\t\t\t\t<div class=\"elementor-element elementor-element-9d98ac1 elementor-widget elementor-widget-spacer\" data-id=\"9d98ac1\" data-element_type=\"widget\" data-widget_type=\"spacer.default\">\n\t\t\t\t\t\t\t<div class=\"elementor-spacer\">\n\t\t\t<div class=\"elementor-spacer-inner\"><\/div>\n\t\t<\/div>\n\t\t\t\t\t\t<\/div>\n\t\t\t\t<div class=\"elementor-element elementor-element-4083abe elementor-widget__width-inherit elementor-widget elementor-widget-shortcode\" data-id=\"4083abe\" data-element_type=\"widget\" data-widget_type=\"shortcode.default\">\n\t\t\t\t\t\t\t<div class=\"elementor-shortcode\"><div data-lang=\"en\" data-hotel-id=\"medano4you\" data-id-room=\"0\"  class=\"kross-container\"><\/div><\/div>\n\t\t\t\t\t\t<\/div>\n\t\t\t\t\t<\/div>\n\t\t\t\t<\/div>\n\t\t<div class=\"elementor-element elementor-element-78735b1 e-flex e-con-boxed e-con e-parent\" data-id=\"78735b1\" data-element_type=\"container\" data-settings=\"{&quot;shape_divider_top&quot;:&quot;mountains&quot;,&quot;shape_divider_bottom&quot;:&quot;mountains&quot;}\">\n\t\t\t\t\t<div class=\"e-con-inner\">\n\t\t\t\t<div class=\"elementor-shape elementor-shape-top\" aria-hidden=\"true\" data-negative=\"false\">\n\t\t\t<svg xmlns=\"http:\/\/www.w3.org\/2000\/svg\" viewbox=\"0 0 1000 100\" preserveaspectratio=\"none\">\n\t<path class=\"elementor-shape-fill\" opacity=\"0.33\" d=\"M473,67.3c-203.9,88.3-263.1-34-320.3,0C66,119.1,0,59.7,0,59.7V0h1000v59.7 c0,0-62.1,26.1-94.9,29.3c-32.8,3.3-62.8-12.3-75.8-22.1C806,49.6,745.3,8.7,694.9,4.7S492.4,59,473,67.3z\"\/>\n\t<path class=\"elementor-shape-fill\" opacity=\"0.66\" d=\"M734,67.3c-45.5,0-77.2-23.2-129.1-39.1c-28.6-8.7-150.3-10.1-254,39.1 s-91.7-34.4-149.2,0C115.7,118.3,0,39.8,0,39.8V0h1000v36.5c0,0-28.2-18.5-92.1-18.5C810.2,18.1,775.7,67.3,734,67.3z\"\/>\n\t<path class=\"elementor-shape-fill\" d=\"M766.1,28.9c-200-57.5-266,65.5-395.1,19.5C242,1.8,242,5.4,184.8,20.6C128,35.8,132.3,44.9,89.9,52.5C28.6,63.7,0,0,0,0 h1000c0,0-9.9,40.9-83.6,48.1S829.6,47,766.1,28.9z\"\/>\n<\/svg>\t\t<\/div>\n\t\t\t\t<div class=\"elementor-shape elementor-shape-bottom\" aria-hidden=\"true\" data-negative=\"false\">\n\t\t\t<svg xmlns=\"http:\/\/www.w3.org\/2000\/svg\" viewbox=\"0 0 1000 100\" preserveaspectratio=\"none\">\n\t<path class=\"elementor-shape-fill\" opacity=\"0.33\" d=\"M473,67.3c-203.9,88.3-263.1-34-320.3,0C66,119.1,0,59.7,0,59.7V0h1000v59.7 c0,0-62.1,26.1-94.9,29.3c-32.8,3.3-62.8-12.3-75.8-22.1C806,49.6,745.3,8.7,694.9,4.7S492.4,59,473,67.3z\"\/>\n\t<path class=\"elementor-shape-fill\" opacity=\"0.66\" d=\"M734,67.3c-45.5,0-77.2-23.2-129.1-39.1c-28.6-8.7-150.3-10.1-254,39.1 s-91.7-34.4-149.2,0C115.7,118.3,0,39.8,0,39.8V0h1000v36.5c0,0-28.2-18.5-92.1-18.5C810.2,18.1,775.7,67.3,734,67.3z\"\/>\n\t<path class=\"elementor-shape-fill\" d=\"M766.1,28.9c-200-57.5-266,65.5-395.1,19.5C242,1.8,242,5.4,184.8,20.6C128,35.8,132.3,44.9,89.9,52.5C28.6,63.7,0,0,0,0 h1000c0,0-9.9,40.9-83.6,48.1S829.6,47,766.1,28.9z\"\/>\n<\/svg>\t\t<\/div>\n\t\t\t\t<div class=\"elementor-element elementor-element-8ce1019 elementor-widget elementor-widget-html\" data-id=\"8ce1019\" data-element_type=\"widget\" data-widget_type=\"html.default\">\n\t\t\t\t\t<!-- Importar fuente Raleway -->\n<link href=\"https:\/\/fonts.googleapis.com\/css2?family=Raleway:wght@300;400;600;700&display=swap\" rel=\"stylesheet\">\n\n<style>\n  .about-us {\n    font-family: 'Raleway', sans-serif;\n    color: #333;\n    line-height: 1.7;\n    max-width: 900px;\n    margin: 0 auto;\n    padding: 20px;\n  }\n\n  .about-us h1 {\n    font-size: 2.2em;\n    font-weight: 700;\n    text-align: center;\n    margin-bottom: 20px;\n    color: #ff6600; \/* Naranja Medano4you *\/\n  }\n\n  .about-us h3 {\n    font-size: 1.4em;\n    font-weight: 600;\n    margin-top: 30px;\n    margin-bottom: 10px;\n    color: #444;\n    border-left: 4px solid #ff6600;\n    padding-left: 10px;\n  }\n\n  .about-us p {\n    font-size: 1.05em;\n    margin-bottom: 15px;\n  }\n\n  .about-us ul {\n    margin: 10px 0 20px 25px;\n    padding: 0;\n    list-style-type: none;\n  }\n\n  .about-us ul li {\n    margin-bottom: 10px;\n    font-size: 1.05em;\n    position: relative;\n    padding-left: 20px;\n  }\n\n  .about-us ul li::before {\n    content: \"\u2714\";\n    color: #ff6600;\n    position: absolute;\n    left: 0;\n    font-size: 0.9em;\n  }\n<\/style>\n\n<div class=\"about-us\">\n\n\n  <h3>Ihr Urlaub beginnt hier<\/h3>\n  <p class=\"translation-block\">Bei Medano4you vermieten wir nicht nur Unterk\u00fcnfte \u2013 wir schaffen Erlebnisse. Unsere Ferienwohnungen in El M\u00e9dano sind so gestaltet, dass Sie sich vom ersten Moment an wie zu Hause f\u00fchlen, mit einer perfekten Kombination aus Komfort, Stil und der Freiheit, Teneriffa in Ihrem eigenen Tempo zu genie\u00dfen.<\/p>\n\n  <h3>Warum uns w\u00e4hlen?<\/h3>\n  <ul>\n    <li class=\"translation-block\">\u00dcber 15 Jahre Erfahrung in El M\u00e9dano.<\/li>\n    <li class=\"translation-block\">Ein lokales Team, das Ihnen 24\/7 zur Verf\u00fcgung steht.<\/li>\n    <li class=\"translation-block\">Voll ausgestattete und verwaltete Unterk\u00fcnfte \u2013 von gem\u00fctlichen Studios bis hin zu luxuri\u00f6sen Apartments direkt am Meer.<\/li>\n    <li class=\"translation-block\">Exklusive Vorteile: sparen Sie bis zu 15 %, wenn Sie direkt \u00fcber unsere Website buchen.<\/li>\n  <\/ul>\n\n  <h3>Mehr als Ferienvermietung<\/h3>\n  <ul>\n    <li><strong>Immobilienverkauf und Investitionen.<\/strong>.<\/li>\n    <li><strong>Rechts- und Steuerberatung.<\/strong>.<\/li>\n    <li><strong>Renovierungs- und Instandhaltungsservices.<\/strong>.<\/li>\n  <\/ul>\n\n  <h3>Erleben Sie El M\u00e9dano mit uns<\/h3>\n  <p class=\"translation-block\">Ob allein, zu zweit, mit Freunden oder Familie \u2013 bei Medano4you finden Sie immer die perfekte Ferienunterkunft. Entdecken Sie, warum El M\u00e9dano eines der lebendigsten und authentischsten Reiseziele der Kanarischen Inseln ist \u2013 und lassen Sie uns Ihren Aufenthalt unvergesslich machen.<\/p>\n<\/div>\t\t\t\t<\/div>\n\t\t\t\t\t<\/div>\n\t\t\t\t<\/div>\n\t\t\t\t<\/div>","protected":false},"excerpt":{"rendered":"<p>Discover unique apartments in El M\u00e9dano Your Next Adventure Awaits Your holiday starts here At Medano4you we don\u2019t just rent properties \u2013 we create experiences. Our holiday homes in El M\u00e9dano are designed for you to feel at home from the very first moment, combining comfort, style, and the freedom to enjoy Tenerife at your [&hellip;]<\/p>","protected":false},"author":1,"featured_media":0,"parent":0,"menu_order":1,"comment_status":"closed","ping_status":"closed","template":"","meta":{"footnotes":""},"class_list":["post-7","page","type-page","status-publish","hentry"],"_links":{"self":[{"href":"https:\/\/medano4you.com\/de\/wp-json\/wp\/v2\/pages\/7","targetHints":{"allow":["GET"]}}],"collection":[{"href":"https:\/\/medano4you.com\/de\/wp-json\/wp\/v2\/pages"}],"about":[{"href":"https:\/\/medano4you.com\/de\/wp-json\/wp\/v2\/types\/page"}],"author":[{"embeddable":true,"href":"https:\/\/medano4you.com\/de\/wp-json\/wp\/v2\/users\/1"}],"replies":[{"embeddable":true,"href":"https:\/\/medano4you.com\/de\/wp-json\/wp\/v2\/comments?post=7"}],"version-history":[{"count":79,"href":"https:\/\/medano4you.com\/de\/wp-json\/wp\/v2\/pages\/7\/revisions"}],"predecessor-version":[{"id":540,"href":"https:\/\/medano4you.com\/de\/wp-json\/wp\/v2\/pages\/7\/revisions\/540"}],"wp:attachment":[{"href":"https:\/\/medano4you.com\/de\/wp-json\/wp\/v2\/media?parent=7"}],"curies":[{"name":"wp","href":"https:\/\/api.w.org\/{rel}","templated":true}]}}