{"id":196,"date":"2025-09-27T16:45:13","date_gmt":"2025-09-27T16:45:13","guid":{"rendered":"https:\/\/medano4you.com\/?page_id=196"},"modified":"2025-09-27T17:06:08","modified_gmt":"2025-09-27T17:06:08","slug":"cookie-policy","status":"publish","type":"page","link":"https:\/\/medano4you.com\/es\/cookie-policy\/","title":{"rendered":"Pol\u00edtica de cookies"},"content":{"rendered":"<div data-elementor-type=\"wp-page\" data-elementor-id=\"196\" class=\"elementor elementor-196\" data-elementor-post-type=\"page\">\n\t\t\t\t<div class=\"elementor-element elementor-element-e6a6e1b e-flex e-con-boxed e-con e-parent\" data-id=\"e6a6e1b\" data-element_type=\"container\">\n\t\t\t\t\t<div class=\"e-con-inner\">\n\t\t\t\t<div class=\"elementor-element elementor-element-25d1bb2 elementor-widget elementor-widget-html\" data-id=\"25d1bb2\" data-element_type=\"widget\" data-widget_type=\"html.default\">\n\t\t\t\t\t<!-- Importar fuente Raleway -->\n<link href=\"https:\/\/fonts.googleapis.com\/css2?family=Raleway:wght@300;400;600;700&display=swap\" rel=\"stylesheet\">\n\n<style>\n  .cookie-policy {\n    font-family: 'Raleway', sans-serif;\n    color: #333;\n    line-height: 1.7;\n    max-width: 900px;\n    margin: 0 auto;\n    padding: 20px;\n  }\n\n  .cookie-policy h1 {\n    font-size: 2em;\n    font-weight: 700;\n    text-align: center;\n    margin-bottom: 25px;\n    color: #ff6600;\n  }\n\n  .cookie-policy h2 {\n    font-size: 1.4em;\n    font-weight: 600;\n    margin-top: 30px;\n    margin-bottom: 12px;\n    color: #444;\n    border-left: 5px solid #ff6600;\n    padding-left: 12px;\n  }\n\n  .cookie-policy p {\n    font-size: 1.05em;\n    margin-bottom: 15px;\n  }\n\n  .cookie-policy ul {\n    margin: 10px 0 20px 25px;\n    padding: 0;\n    list-style-type: none;\n  }\n\n  .cookie-policy ul li {\n    margin-bottom: 10px;\n    font-size: 1.05em;\n    position: relative;\n    padding-left: 20px;\n  }\n\n  .cookie-policy ul li::before {\n    content: \"\u2714\";\n    color: #ff6600;\n    position: absolute;\n    left: 0;\n    font-size: 0.9em;\n  }\n\n  .cookie-policy a {\n    color: #ff6600;\n    text-decoration: none;\n  }\n\n  .cookie-policy a:hover {\n    text-decoration: underline;\n  }\n<\/style>\n\n<div class=\"cookie-policy\">\n \n  <h2>\u00bfQu\u00e9 son las cookies?<\/h2>\n  <p>Las cookies son herramientas utilizadas por los servidores web para almacenar y recuperar informaci\u00f3n sobre los usuarios y garantizar el correcto funcionamiento del sitio web.<\/p>\n\n  <p>En MEDANO4YOU, S.L. solo utilizamos dos tipos de cookies:<\/p>\n  <ul>\n    <li>Cookies de preferencia de idioma: permiten recordar el idioma seleccionado por el usuario.<\/li>\n    <li>Cookies de comentarios en el blog: permiten a los usuarios dejar comentarios en nuestro blog.<\/li>\n  <\/ul>\n\n  <h2>Gesti\u00f3n de cookies<\/h2>\n  <p>Puedes permitir, bloquear o eliminar las cookies instaladas en tu dispositivo configurando los ajustes de tu navegador. A continuaci\u00f3n, se incluyen enlaces a las p\u00e1ginas de ayuda de los navegadores m\u00e1s comunes:<\/p>\n  <ul>\n    <li><a href=\"http:\/\/support.google.com\/chrome\/bin\/answer.py?hl=es&answer=95647\" target=\"_blank\">Chrome<\/a><\/li>\n    <li><a href=\"http:\/\/windows.microsoft.com\/es-es\/windows7\/how-to-manage-cookies-in-internet-explorer-9\" target=\"_blank\">Internet Explorer<\/a><\/li>\n    <li><a href=\"http:\/\/support.mozilla.org\/es\/kb\/habilitar-y-deshabilitar-cookies-que-los-sitios-we\" target=\"_blank\">Firefox<\/a><\/li>\n    <li><a href=\"http:\/\/support.apple.com\/kb\/ph5042\" target=\"_blank\">Safari<\/a><\/li>\n  <\/ul>\n\n  <p>Si utilizas otro navegador, consulta la documentaci\u00f3n proporcionada por tu software.<\/p>\n<\/div>\t\t\t\t<\/div>\n\t\t\t\t\t<\/div>\n\t\t\t\t<\/div>\n\t\t\t\t<\/div>","protected":false},"excerpt":{"rendered":"<p>What Are Cookies? Cookies are tools used by web servers to store and retrieve information about users and to ensure optimal functionality of the website. At MEDANO4YOU, S.L., we only use two types of cookies: Language Preference Cookies: These allow us to remember the user&#8217;s selected language. Blog Comment Cookies: These enable users to leave [&hellip;]<\/p>","protected":false},"author":1,"featured_media":0,"parent":0,"menu_order":0,"comment_status":"closed","ping_status":"closed","template":"","meta":{"footnotes":""},"class_list":["post-196","page","type-page","status-publish","hentry"],"_links":{"self":[{"href":"https:\/\/medano4you.com\/es\/wp-json\/wp\/v2\/pages\/196","targetHints":{"allow":["GET"]}}],"collection":[{"href":"https:\/\/medano4you.com\/es\/wp-json\/wp\/v2\/pages"}],"about":[{"href":"https:\/\/medano4you.com\/es\/wp-json\/wp\/v2\/types\/page"}],"author":[{"embeddable":true,"href":"https:\/\/medano4you.com\/es\/wp-json\/wp\/v2\/users\/1"}],"replies":[{"embeddable":true,"href":"https:\/\/medano4you.com\/es\/wp-json\/wp\/v2\/comments?post=196"}],"version-history":[{"count":11,"href":"https:\/\/medano4you.com\/es\/wp-json\/wp\/v2\/pages\/196\/revisions"}],"predecessor-version":[{"id":208,"href":"https:\/\/medano4you.com\/es\/wp-json\/wp\/v2\/pages\/196\/revisions\/208"}],"wp:attachment":[{"href":"https:\/\/medano4you.com\/es\/wp-json\/wp\/v2\/media?parent=196"}],"curies":[{"name":"wp","href":"https:\/\/api.w.org\/{rel}","templated":true}]}}