{"id":209,"date":"2025-09-27T17:17:22","date_gmt":"2025-09-27T17:17:22","guid":{"rendered":"https:\/\/medano4you.com\/?page_id=209"},"modified":"2025-09-27T17:20:40","modified_gmt":"2025-09-27T17:20:40","slug":"legal-notice","status":"publish","type":"page","link":"https:\/\/medano4you.com\/es\/legal-notice\/","title":{"rendered":"Aviso legal"},"content":{"rendered":"<div data-elementor-type=\"wp-page\" data-elementor-id=\"209\" class=\"elementor elementor-209\" data-elementor-post-type=\"page\">\n\t\t\t\t<div class=\"elementor-element elementor-element-3671fb6 e-flex e-con-boxed e-con e-parent\" data-id=\"3671fb6\" data-element_type=\"container\">\n\t\t\t\t\t<div class=\"e-con-inner\">\n\t\t\t\t<div class=\"elementor-element elementor-element-a6c4057 elementor-widget elementor-widget-html\" data-id=\"a6c4057\" data-element_type=\"widget\" data-widget_type=\"html.default\">\n\t\t\t\t\t<!-- Importar fuente Raleway -->\n<link href=\"https:\/\/fonts.googleapis.com\/css2?family=Raleway:wght@300;400;600;700&display=swap\" rel=\"stylesheet\">\n\n<style>\n  .legal-section {\n    font-family: 'Raleway', sans-serif;\n    color: #333;\n    line-height: 1.7;\n    max-width: 1000px;\n    margin: 0 auto;\n    padding: 20px;\n  }\n\n  .legal-section h1 {\n    font-size: 2em;\n    font-weight: 700;\n    text-align: center;\n    margin-bottom: 25px;\n    color: #ff6600;\n  }\n\n  .legal-section h2 {\n    font-size: 1.4em;\n    font-weight: 600;\n    margin-top: 30px;\n    margin-bottom: 12px;\n    color: #444;\n    border-left: 5px solid #ff6600;\n    padding-left: 12px;\n  }\n\n  .legal-section p {\n    font-size: 1.05em;\n    margin-bottom: 15px;\n  }\n\n  .legal-section ul {\n    margin: 10px 0 20px 25px;\n    padding: 0;\n    list-style-type: none;\n  }\n\n  .legal-section ul li {\n    margin-bottom: 8px;\n    font-size: 1.05em;\n    position: relative;\n    padding-left: 20px;\n  }\n\n  .legal-section ul li::before {\n    content: \"\u2714\";\n    color: #ff6600;\n    position: absolute;\n    left: 0;\n    font-size: 0.9em;\n  }\n\n  .legal-section a {\n    color: #ff6600;\n    text-decoration: none;\n  }\n\n  .legal-section a:hover {\n    text-decoration: underline;\n  }\n<\/style>\n\n<div class=\"legal-section\">\n\n  <p class=\"translation-block\"><strong>Nombre de dominio:<\/strong> medano4you.com<br>\n<strong>Raz\u00f3n social:<\/strong> MEDANO4YOU, S.L.<br>\n<strong>CIF:<\/strong> B-76806363<br>\n<strong>Direcci\u00f3n comercial:<\/strong> Av. Jose Miguel Galv\u00e1n Bello 29, 2., 38612 El M\u00e9dano, Santa Cruz de Tenerife, Espa\u00f1a<br>\n<strong>Domicilio social:<\/strong> C\/ Ibiza Z-6, 38618 La Tejita, Santa Cruz de Tenerife, Espa\u00f1a<br>\n<strong>Tel\u00e9fono:<\/strong> +34 618436568<br>\n<strong>Email:<\/strong> <a href=\"mailto:info@medano4you.com\" target=\"_self\">info@medano4you.com<\/a><br>\n<strong>Registro mercantil:<\/strong> Inscrita en el Registro Mercantil de Santa Cruz de Tenerife, Tomo 3642, Folio 179, Hoja TF-63288, Inscripci\u00f3n 1<\/p>\n\n  <h2>Propiedad intelectual e industrial<\/h2>\n  <p>Este sitio web, incluyendo entre otros su programaci\u00f3n, edici\u00f3n, compilaci\u00f3n, dise\u00f1o, logotipos, textos, sonidos, animaciones, software y dem\u00e1s elementos necesarios para su funcionamiento, es propiedad de MEDANO4YOU, S.L., o bien dispone de licencias o autorizaciones para su uso.<\/p>\n\n  <p>Todos los contenidos del sitio est\u00e1n protegidos por la normativa de propiedad intelectual e industrial aplicable y debidamente inscritos en los registros p\u00fablicos correspondientes.<\/p>\n\n  <p>La reproducci\u00f3n, distribuci\u00f3n, comunicaci\u00f3n p\u00fablica, transformaci\u00f3n o cualquier otro uso de la totalidad o parte de los contenidos de este sitio, por cualquier medio o procedimiento, queda estrictamente prohibido sin la autorizaci\u00f3n previa y por escrito de MEDANO4YOU, S.L.<\/p>\n\n  <p>Cualquier contenido de terceros (marcas, logotipos, textos) que pueda aparecer en este sitio pertenece a sus respectivos propietarios, siendo estos responsables de cualquier conflicto relacionado. Su inclusi\u00f3n no implica patrocinio ni asociaci\u00f3n con MEDANO4YOU, S.L.<\/p>\n\n  <p class=\"translation-block\">Los usuarios pueden contactar con <a href=\"mailto:info@medano4you.com\" target=\"_self\">info@medano4you.com<\/a> para notificar cualquier cuesti\u00f3n relacionada con los derechos de propiedad intelectual o industrial.<\/p>\n\n  <h2>Exenci\u00f3n de responsabilidad<\/h2>\n  <p>MEDANO4YOU, S.L. no se hace responsable de los contenidos manipulados o introducidos por terceros en este sitio web.<\/p>\n\n  <p>Aunque se procura garantizar la fiabilidad, exactitud y correcto funcionamiento del sitio, MEDANO4YOU, S.L. no asegura la ausencia de errores, el acceso ininterrumpido, ni la inexistencia de virus u otros elementos da\u00f1inos. En consecuencia, no ser\u00e1 responsable de los da\u00f1os derivados de su uso.<\/p>\n\n  <p>Este sitio web puede utilizar cookies para mejorar la experiencia del usuario y optimizar la visualizaci\u00f3n de los contenidos. Las cookies utilizadas son temporales y no recogen datos personales ni permiten la identificaci\u00f3n del usuario. El usuario puede configurar su navegador para deshabilitar las cookies sin que ello afecte al acceso a los contenidos.<\/p>\n\n  <p>Este sitio puede contener enlaces a p\u00e1ginas de terceros. MEDANO4YOU, S.L. no se responsabiliza del contenido, disponibilidad o legalidad de dichas p\u00e1ginas. En caso de detectar contenido il\u00edcito en ellas, los enlaces ser\u00e1n eliminados de inmediato y se podr\u00e1n tomar medidas legales.<\/p>\n\n  <p>Los servidores del sitio pueden detectar autom\u00e1ticamente direcciones IP y nombres de dominio de los usuarios. Estos datos se almacenan en registros de servidor con fines estad\u00edsticos de tr\u00e1fico, uso y m\u00e9tricas de acceso.<\/p>\n\n  <h2>Ley aplicable y jurisdicci\u00f3n<\/h2>\n  <p>Este sitio web se rige por la legislaci\u00f3n espa\u00f1ola. Para cualquier disputa relacionada con la interpretaci\u00f3n o uso del mismo, las partes se someten expresamente a los Juzgados y Tribunales de Santa Cruz de Tenerife, renunciando a cualquier otro fuero que pudiera corresponder.<\/p>\n<\/div>\t\t\t\t<\/div>\n\t\t\t\t\t<\/div>\n\t\t\t\t<\/div>\n\t\t\t\t<\/div>","protected":false},"excerpt":{"rendered":"<p>Domain Name: medano4you.com Company Name: MEDANO4YOU, S.L. Tax ID (CIF): B-76806363 Business Address: Av. Jose Miguel Galvan Bello 29, 2., 38612 El M\u00e9dano, Santa Cruz de Tenerife, Spain Registered Office: C\/ Ibiza Z-6, 38618 La Tejita, Santa Cruz de Tenerife, Spain Phone: +34 618436568 Email: info@medano4you.com Company Registration: Registered with the Mercantile Registry of Santa [&hellip;]<\/p>","protected":false},"author":1,"featured_media":0,"parent":0,"menu_order":0,"comment_status":"closed","ping_status":"closed","template":"","meta":{"footnotes":""},"class_list":["post-209","page","type-page","status-publish","hentry"],"_links":{"self":[{"href":"https:\/\/medano4you.com\/es\/wp-json\/wp\/v2\/pages\/209","targetHints":{"allow":["GET"]}}],"collection":[{"href":"https:\/\/medano4you.com\/es\/wp-json\/wp\/v2\/pages"}],"about":[{"href":"https:\/\/medano4you.com\/es\/wp-json\/wp\/v2\/types\/page"}],"author":[{"embeddable":true,"href":"https:\/\/medano4you.com\/es\/wp-json\/wp\/v2\/users\/1"}],"replies":[{"embeddable":true,"href":"https:\/\/medano4you.com\/es\/wp-json\/wp\/v2\/comments?post=209"}],"version-history":[{"count":5,"href":"https:\/\/medano4you.com\/es\/wp-json\/wp\/v2\/pages\/209\/revisions"}],"predecessor-version":[{"id":214,"href":"https:\/\/medano4you.com\/es\/wp-json\/wp\/v2\/pages\/209\/revisions\/214"}],"wp:attachment":[{"href":"https:\/\/medano4you.com\/es\/wp-json\/wp\/v2\/media?parent=209"}],"curies":[{"name":"wp","href":"https:\/\/api.w.org\/{rel}","templated":true}]}}