{"id":474,"date":"2025-11-17T16:32:57","date_gmt":"2025-11-17T16:32:57","guid":{"rendered":"https:\/\/medano4you.com\/?page_id=474"},"modified":"2025-11-18T11:50:30","modified_gmt":"2025-11-18T11:50:30","slug":"check-in-and-check-out-policy","status":"publish","type":"page","link":"https:\/\/medano4you.com\/es\/check-in-and-check-out-policy\/","title":{"rendered":"Check-in and Check-out policy"},"content":{"rendered":"<div data-elementor-type=\"wp-page\" data-elementor-id=\"474\" class=\"elementor elementor-474\" data-elementor-post-type=\"page\">\n\t\t\t\t<div class=\"elementor-element elementor-element-0c0c0c8 e-flex e-con-boxed e-con e-parent\" data-id=\"0c0c0c8\" data-element_type=\"container\">\n\t\t\t\t\t<div class=\"e-con-inner\">\n\t\t\t\t<div class=\"elementor-element elementor-element-c1bdeca elementor-widget elementor-widget-html\" data-id=\"c1bdeca\" data-element_type=\"widget\" data-widget_type=\"html.default\">\n\t\t\t\t\t<!-- Medano4you \u2013 Check-in and Check-out Policy -->\n<link href=\"https:\/\/fonts.googleapis.com\/css2?family=Raleway:wght@300;400;600;700&display=swap\" rel=\"stylesheet\">\n\n<style>\n  .m4u-policy {\n    font-family: 'Raleway', sans-serif;\n    color: #1f2937;\n    max-width: 900px;\n    margin: 0 auto;\n    padding: 32px 20px 40px;\n    line-height: 1.7;\n    background: #ffffff;\n  }\n  .m4u-policy h1 {\n    font-size: 1.9rem;\n    margin-bottom: 16px;\n    font-weight: 700;\n    text-align: center;\n    color: #ff6600;\n  }\n  .m4u-policy h2 {\n    font-size: 1.25rem;\n    margin: 26px 0 10px;\n    padding-bottom: 4px;\n    border-bottom: 1px solid #e5e7eb;\n    font-weight: 600;\n  }\n  .m4u-policy p {\n    margin: 8px 0;\n  }\n  .m4u-policy ul {\n    margin: 10px 0 10px 20px;\n    padding: 0;\n  }\n  .m4u-policy li {\n    margin: 4px 0;\n  }\n<\/style>\n\n<div class=\"m4u-policy\">\n  <h1>Pol\u00edtica de Check-in y Check-out<\/h1>\n\n  <h2>Check in<\/h2>\n  <p>En un plazo m\u00e1ximo de 24 horas despu\u00e9s de completar correctamente tu reserva, recibir\u00e1s un correo electr\u00f3nico de confirmaci\u00f3n con la informaci\u00f3n de contacto correspondiente y los detalles sobre c\u00f3mo deber\u00e1s completar el procedimiento de check-in.<\/p>\n\n  <p class=\"translation-block\">Est\u00e1s obligado a ponerte en contacto con nosotros por correo electr\u00f3nico en \n<a href=\"mailto:customerservice@medano4you.com\" target=\"_self\">customerservice@medano4you.com<\/a> \nal menos 3 d\u00edas antes de tu llegada para informarnos de tu hora aproximada de llegada a tu Holiday Home, \nas\u00ed como de tu n\u00famero de vuelo y horario, si corresponde.<\/p>\n\n  <p>La hora de check-in es a partir de las 15:00 h.<\/p>\n  <p>El check-in tard\u00edo tiene un cargo de 30 \u20ac a partir de las 19:00 h.<\/p>\n\n  <p>Si la hora estimada de llegada se retrasa m\u00e1s de 30 minutos, debe contactar con nosotros inmediatamente al n\u00famero de tel\u00e9fono proporcionado para informarnos de este hecho. De lo contrario, no podremos garantizar la hora de acceso al alojamiento.<\/p>\n\n  <p>A su llegada, deber\u00e1 dirigirse al punto de encuentro que le hayamos indicado por correo electr\u00f3nico. Deber\u00e1 llevar consigo:<\/p>\n  <ul>\n    <li>El correo electr\u00f3nico de confirmaci\u00f3n de la reserva en su tel\u00e9fono m\u00f3vil.<\/li>\n    <li>Documentos de identificaci\u00f3n v\u00e1lidos de cada uno de los hu\u00e9spedes que se alojar\u00e1n en la Vivienda Vacacional, a menos que ya los haya introducido durante el check-in online.<\/li>\n    <li>Justificante del pago del importe pendiente de su reserva, salvo que en su correo de confirmaci\u00f3n se haya estipulado otra forma de pago.<\/li>\n    <li>Dep\u00f3sito, \u00fanicamente para las reservas en las que sea requerido. Por favor, consulte su correo de confirmaci\u00f3n, donde se especifica c\u00f3mo debe abonarse el dep\u00f3sito. Para m\u00e1s informaci\u00f3n sobre el dep\u00f3sito, lea nuestra p\u00e1gina de T\u00e9rminos y Condiciones.<\/li>\n  <\/ul>\n\n  <p>Una vez haya completado el check-in, recibir\u00e1 las llaves de su Vivienda Vacacional.<\/p>\n\n  <p>Si llega antes de las 15:00 h el d\u00eda del check-in, o si tiene un vuelo tarde el d\u00eda de su salida, tiene la opci\u00f3n de dejar su equipaje en la Vivienda Vacacional entre las 11:00 h y las 15:00 h, bajo su propia responsabilidad. Medano4you no se hace responsable de da\u00f1os o p\u00e9rdida del equipaje.<\/p>\n\n  <p>Si durante su estancia encuentra alg\u00fan problema en el apartamento \u2014desde cualquier tipo de da\u00f1o hasta la falta de alg\u00fan art\u00edculo o utensilio\u2014, le rogamos que se ponga en contacto con nosotros de inmediato para que podamos intentar resolverlo lo antes posible. Para m\u00e1s informaci\u00f3n, consulte nuestra p\u00e1gina de T\u00e9rminos y Condiciones.<\/p>\n\n  <h2>Check-out<\/h2>\n  <p>Debe dejar el apartamento a las 11:00 h. Para m\u00e1s informaci\u00f3n, consulte nuestra p\u00e1gina de T\u00e9rminos y Condiciones.<\/p>\n\n  <p class=\"translation-block\"><p>\n  Si desea solicitar un Late Check-out, p\u00f3ngase en contacto con Medano4you por correo electr\u00f3nico en \n  <a href=\"mailto:customerservice@medano4you.com\" target=\"_self\">customerservice@medano4you.com<\/a>. \n  Si el alojamiento tiene disponibilidad y llegamos a un acuerdo, podr\u00e1 solicit\u00e1rsele el pago del coste completo de una noche \n  o del importe que se haya acordado con Medano4you.\n<\/p><\/p>\n\n  <p class=\"translation-block\">Cuando deje el alojamiento, este deber\u00e1 encontrarse en el mismo estado de limpieza que a su llegada, teniendo en cuenta la suciedad normal generada por el uso habitual de una Vivienda Vacacional. Si lo desean, los hu\u00e9spedes pueden solicitar un servicio de limpieza extra de Medano4you por un coste adicional. Para m\u00e1s informaci\u00f3n sobre este servicio, p\u00f3ngase en contacto con nosotros en <a href=\"mailto:customerservice@medano4you.com\" target=\"_self\">customerservice@medano4you.com<\/a>.<\/p>\n\n  <p>Le informaremos a su llegada de los pasos a seguir para procesar la salida del alojamiento y del lugar donde deber\u00e1 dejar las llaves.<\/p>\n<\/div>\t\t\t\t<\/div>\n\t\t\t\t<div class=\"elementor-element elementor-element-cf9acdf elementor-widget elementor-widget-spacer\" data-id=\"cf9acdf\" data-element_type=\"widget\" data-widget_type=\"spacer.default\">\n\t\t\t\t\t\t\t<div class=\"elementor-spacer\">\n\t\t\t<div class=\"elementor-spacer-inner\"><\/div>\n\t\t<\/div>\n\t\t\t\t\t\t<\/div>\n\t\t\t\t\t<\/div>\n\t\t\t\t<\/div>\n\t\t\t\t<\/div>","protected":false},"excerpt":{"rendered":"<p>Check-in and Check-out Policy Check in Within a maximum of 24 hours after you have successfully completed your booking, you will receive a confirmation email with the contact information for your booking and details of how you should complete your check-in procedure. You are required to contact us, by email at customerservice@medano4you.com at least 3 [&hellip;]<\/p>","protected":false},"author":1,"featured_media":0,"parent":0,"menu_order":0,"comment_status":"closed","ping_status":"closed","template":"","meta":{"footnotes":""},"class_list":["post-474","page","type-page","status-publish","hentry"],"_links":{"self":[{"href":"https:\/\/medano4you.com\/es\/wp-json\/wp\/v2\/pages\/474","targetHints":{"allow":["GET"]}}],"collection":[{"href":"https:\/\/medano4you.com\/es\/wp-json\/wp\/v2\/pages"}],"about":[{"href":"https:\/\/medano4you.com\/es\/wp-json\/wp\/v2\/types\/page"}],"author":[{"embeddable":true,"href":"https:\/\/medano4you.com\/es\/wp-json\/wp\/v2\/users\/1"}],"replies":[{"embeddable":true,"href":"https:\/\/medano4you.com\/es\/wp-json\/wp\/v2\/comments?post=474"}],"version-history":[{"count":14,"href":"https:\/\/medano4you.com\/es\/wp-json\/wp\/v2\/pages\/474\/revisions"}],"predecessor-version":[{"id":489,"href":"https:\/\/medano4you.com\/es\/wp-json\/wp\/v2\/pages\/474\/revisions\/489"}],"wp:attachment":[{"href":"https:\/\/medano4you.com\/es\/wp-json\/wp\/v2\/media?parent=474"}],"curies":[{"name":"wp","href":"https:\/\/api.w.org\/{rel}","templated":true}]}}