{"id":209,"date":"2025-09-27T17:17:22","date_gmt":"2025-09-27T17:17:22","guid":{"rendered":"https:\/\/medano4you.com\/?page_id=209"},"modified":"2025-09-27T17:20:40","modified_gmt":"2025-09-27T17:20:40","slug":"legal-notice","status":"publish","type":"page","link":"https:\/\/medano4you.com\/it\/legal-notice\/","title":{"rendered":"Note legali"},"content":{"rendered":"<div data-elementor-type=\"wp-page\" data-elementor-id=\"209\" class=\"elementor elementor-209\" data-elementor-post-type=\"page\">\n\t\t\t\t<div class=\"elementor-element elementor-element-3671fb6 e-flex e-con-boxed e-con e-parent\" data-id=\"3671fb6\" data-element_type=\"container\">\n\t\t\t\t\t<div class=\"e-con-inner\">\n\t\t\t\t<div class=\"elementor-element elementor-element-a6c4057 elementor-widget elementor-widget-html\" data-id=\"a6c4057\" data-element_type=\"widget\" data-widget_type=\"html.default\">\n\t\t\t\t\t<!-- Importar fuente Raleway -->\n<link href=\"https:\/\/fonts.googleapis.com\/css2?family=Raleway:wght@300;400;600;700&display=swap\" rel=\"stylesheet\">\n\n<style>\n  .legal-section {\n    font-family: 'Raleway', sans-serif;\n    color: #333;\n    line-height: 1.7;\n    max-width: 1000px;\n    margin: 0 auto;\n    padding: 20px;\n  }\n\n  .legal-section h1 {\n    font-size: 2em;\n    font-weight: 700;\n    text-align: center;\n    margin-bottom: 25px;\n    color: #ff6600;\n  }\n\n  .legal-section h2 {\n    font-size: 1.4em;\n    font-weight: 600;\n    margin-top: 30px;\n    margin-bottom: 12px;\n    color: #444;\n    border-left: 5px solid #ff6600;\n    padding-left: 12px;\n  }\n\n  .legal-section p {\n    font-size: 1.05em;\n    margin-bottom: 15px;\n  }\n\n  .legal-section ul {\n    margin: 10px 0 20px 25px;\n    padding: 0;\n    list-style-type: none;\n  }\n\n  .legal-section ul li {\n    margin-bottom: 8px;\n    font-size: 1.05em;\n    position: relative;\n    padding-left: 20px;\n  }\n\n  .legal-section ul li::before {\n    content: \"\u2714\";\n    color: #ff6600;\n    position: absolute;\n    left: 0;\n    font-size: 0.9em;\n  }\n\n  .legal-section a {\n    color: #ff6600;\n    text-decoration: none;\n  }\n\n  .legal-section a:hover {\n    text-decoration: underline;\n  }\n<\/style>\n\n<div class=\"legal-section\">\n\n  <p class=\"translation-block\"><strong>Nome di dominio:<\/strong> medano4you.com<br>\n<strong>Ragione sociale:<\/strong> MEDANO4YOU, S.L.<br>\n<strong>Partita IVA (CIF):<\/strong> B-76806363<br>\n<strong>Indirizzo commerciale:<\/strong> Av. Jose Miguel Galv\u00e1n Bello 29, 2., 38612 El M\u00e9dano, Santa Cruz de Tenerife, Spagna<br>\n<strong>Sede legale:<\/strong> C\/ Ibiza Z-6, 38618 La Tejita, Santa Cruz de Tenerife, Spagna<br>\n<strong>Telefono:<\/strong> +34 618436568<br>\n<strong>Email:<\/strong> <a href=\"mailto:info@medano4you.com\" target=\"_self\">info@medano4you.com<\/a><br>\n<strong>Iscrizione al registro imprese:<\/strong> Registrata presso il Registro Mercantile di Santa Cruz de Tenerife, Volume 3642, Foglio 179, Pagina TF-63288, Iscrizione 1<\/p>\n\n  <h2>Propriet\u00e0 intellettuale e industriale<\/h2>\n  <p>Questo sito web, compresa (ma non limitata a) la programmazione, l\u2019editing, la compilazione, il design, i loghi, i testi, i suoni, le animazioni, il software e altri elementi necessari al suo funzionamento, \u00e8 di propriet\u00e0 di MEDANO4YOU, S.L., o dispone delle licenze\/autorizzazioni necessarie per il loro utilizzo.<\/p>\n\n  <p>Tutti i contenuti del sito sono protetti dalle leggi applicabili in materia di propriet\u00e0 intellettuale e industriale e regolarmente registrati presso gli appositi registri pubblici.<\/p>\n\n  <p>\u00c8 severamente vietata la riproduzione, distribuzione, comunicazione pubblica, trasformazione o qualsiasi altro utilizzo, totale o parziale, dei contenuti di questo sito senza previa autorizzazione scritta di MEDANO4YOU, S.L.<\/p>\n\n  <p>Qualsiasi contenuto di terzi (marchi, loghi, testi) presente su questo sito appartiene ai rispettivi proprietari, responsabili esclusivi di eventuali controversie. La loro inclusione non implica approvazione o associazione con MEDANO4YOU, S.L.<\/p>\n\n  <p class=\"translation-block\">Gli utenti possono contattare <a href=\"mailto:info@medano4you.com\" target=\"_self\">info@medano4you.com<\/a> per segnalare qualsiasi problema relativo ai diritti di propriet\u00e0 intellettuale o industriale.<\/p>\n\n  <h2>Esclusione di responsabilit\u00e0<\/h2>\n  <p>MEDANO4YOU, S.L. non \u00e8 responsabile dei contenuti manipolati o inseriti da terzi su questo sito.<\/p>\n\n  <p>Pur adottando tutte le misure per garantire affidabilit\u00e0, accuratezza e corretto funzionamento del sito, MEDANO4YOU, S.L. non garantisce l\u2019assenza di errori, l\u2019accesso ininterrotto o l\u2019assenza di virus o altri elementi dannosi. Pertanto, non sar\u00e0 responsabile per eventuali danni derivanti dall\u2019uso del sito.<\/p>\n\n  <p>Questo sito pu\u00f2 utilizzare cookie per migliorare l\u2019esperienza dell\u2019utente e ottimizzare la visualizzazione dei contenuti. I cookie utilizzati sono temporanei, non raccolgono dati personali e non consentono l\u2019identificazione dell\u2019utente. L\u2019utente pu\u00f2 configurare il proprio browser per disabilitare i cookie senza compromettere l\u2019accesso ai contenuti.<\/p>\n\n  <p>Il sito pu\u00f2 contenere link a siti di terze parti. MEDANO4YOU, S.L. non si assume alcuna responsabilit\u00e0 per i contenuti, la disponibilit\u00e0 o la legalit\u00e0 di tali siti esterni. Se vengono rilevati contenuti illeciti, i link saranno rimossi immediatamente e potranno essere intraprese azioni legali.<\/p>\n\n  <p>I server del sito possono rilevare automaticamente gli indirizzi IP e i nomi di dominio degli utenti. Questi dati vengono conservati nei registri del server a fini statistici, per analizzare traffico, utilizzo e metriche di accesso.<\/p>\n\n  <h2>Legge applicabile e giurisdizione<\/h2>\n  <p>Questo sito web \u00e8 regolato dalla legge spagnola. In caso di controversie relative all\u2019interpretazione o all\u2019uso dello stesso, le parti si sottopongono espressamente alla giurisdizione dei Tribunali di Santa Cruz de Tenerife, rinunciando a qualsiasi altro foro competente.<\/p>\n<\/div>\t\t\t\t<\/div>\n\t\t\t\t\t<\/div>\n\t\t\t\t<\/div>\n\t\t\t\t<\/div>","protected":false},"excerpt":{"rendered":"<p>Domain Name: medano4you.com Company Name: MEDANO4YOU, S.L. Tax ID (CIF): B-76806363 Business Address: Av. Jose Miguel Galvan Bello 29, 2., 38612 El M\u00e9dano, Santa Cruz de Tenerife, Spain Registered Office: C\/ Ibiza Z-6, 38618 La Tejita, Santa Cruz de Tenerife, Spain Phone: +34 618436568 Email: info@medano4you.com Company Registration: Registered with the Mercantile Registry of Santa [&hellip;]<\/p>","protected":false},"author":1,"featured_media":0,"parent":0,"menu_order":0,"comment_status":"closed","ping_status":"closed","template":"","meta":{"footnotes":""},"class_list":["post-209","page","type-page","status-publish","hentry"],"_links":{"self":[{"href":"https:\/\/medano4you.com\/it\/wp-json\/wp\/v2\/pages\/209","targetHints":{"allow":["GET"]}}],"collection":[{"href":"https:\/\/medano4you.com\/it\/wp-json\/wp\/v2\/pages"}],"about":[{"href":"https:\/\/medano4you.com\/it\/wp-json\/wp\/v2\/types\/page"}],"author":[{"embeddable":true,"href":"https:\/\/medano4you.com\/it\/wp-json\/wp\/v2\/users\/1"}],"replies":[{"embeddable":true,"href":"https:\/\/medano4you.com\/it\/wp-json\/wp\/v2\/comments?post=209"}],"version-history":[{"count":5,"href":"https:\/\/medano4you.com\/it\/wp-json\/wp\/v2\/pages\/209\/revisions"}],"predecessor-version":[{"id":214,"href":"https:\/\/medano4you.com\/it\/wp-json\/wp\/v2\/pages\/209\/revisions\/214"}],"wp:attachment":[{"href":"https:\/\/medano4you.com\/it\/wp-json\/wp\/v2\/media?parent=209"}],"curies":[{"name":"wp","href":"https:\/\/api.w.org\/{rel}","templated":true}]}}