{"id":7,"date":"2025-09-27T13:43:33","date_gmt":"2025-09-27T13:43:33","guid":{"rendered":"https:\/\/medano4you.com\/?page_id=7"},"modified":"2026-04-13T12:47:13","modified_gmt":"2026-04-13T12:47:13","slug":"es_es","status":"publish","type":"page","link":"https:\/\/medano4you.com\/it\/","title":{"rendered":""},"content":{"rendered":"<div data-elementor-type=\"wp-post\" data-elementor-id=\"7\" class=\"elementor elementor-7\" data-elementor-post-type=\"page\">\n\t\t\t\t<div class=\"elementor-element elementor-element-undefined-0092b3c e-flex e-con-boxed e-con e-parent\" data-id=\"undefined-0092b3c\" data-element_type=\"container\" data-settings=\"{&quot;background_background&quot;:&quot;classic&quot;}\">\n\t\t\t\t\t<div class=\"e-con-inner\">\n\t\t\t\t<div class=\"elementor-element elementor-element-8fdd0ca elementor-widget elementor-widget-spacer\" data-id=\"8fdd0ca\" data-element_type=\"widget\" data-widget_type=\"spacer.default\">\n\t\t\t\t\t\t\t<div class=\"elementor-spacer\">\n\t\t\t<div class=\"elementor-spacer-inner\"><\/div>\n\t\t<\/div>\n\t\t\t\t\t\t<\/div>\n\t\t\t\t<div class=\"elementor-element elementor-element-e651013 elementor-widget elementor-widget-spacer\" data-id=\"e651013\" data-element_type=\"widget\" data-widget_type=\"spacer.default\">\n\t\t\t\t\t\t\t<div class=\"elementor-spacer\">\n\t\t\t<div class=\"elementor-spacer-inner\"><\/div>\n\t\t<\/div>\n\t\t\t\t\t\t<\/div>\n\t\t\t\t<div class=\"elementor-element elementor-element-undefined-564f2b7 elementor-widget elementor-widget-heading\" data-id=\"undefined-564f2b7\" data-element_type=\"widget\" data-widget_type=\"heading.default\">\n\t\t\t\t\t<h1 class=\"elementor-heading-title elementor-size-default\">Scopri appartamenti unici a El M\u00e9dano\n<\/h1>\t\t\t\t<\/div>\n\t\t\t\t<div class=\"elementor-element elementor-element-5ef49ad elementor-widget elementor-widget-spacer\" data-id=\"5ef49ad\" data-element_type=\"widget\" data-widget_type=\"spacer.default\">\n\t\t\t\t\t\t\t<div class=\"elementor-spacer\">\n\t\t\t<div class=\"elementor-spacer-inner\"><\/div>\n\t\t<\/div>\n\t\t\t\t\t\t<\/div>\n\t\t\t\t<div class=\"elementor-element elementor-element-undefined-ee68cb9 elementor-widget elementor-widget-heading\" data-id=\"undefined-ee68cb9\" data-element_type=\"widget\" data-widget_type=\"heading.default\">\n\t\t\t\t\t<h5 class=\"elementor-heading-title elementor-size-default\">La tua prossima avventura ti aspetta<\/h5>\t\t\t\t<\/div>\n\t\t\t\t<div class=\"elementor-element elementor-element-9d98ac1 elementor-widget elementor-widget-spacer\" data-id=\"9d98ac1\" data-element_type=\"widget\" data-widget_type=\"spacer.default\">\n\t\t\t\t\t\t\t<div class=\"elementor-spacer\">\n\t\t\t<div class=\"elementor-spacer-inner\"><\/div>\n\t\t<\/div>\n\t\t\t\t\t\t<\/div>\n\t\t\t\t<div class=\"elementor-element elementor-element-4083abe elementor-widget__width-inherit elementor-widget elementor-widget-shortcode\" data-id=\"4083abe\" data-element_type=\"widget\" data-widget_type=\"shortcode.default\">\n\t\t\t\t\t\t\t<div class=\"elementor-shortcode\"><div data-lang=\"en\" data-hotel-id=\"medano4you\" data-id-room=\"0\"  class=\"kross-container\"><\/div><\/div>\n\t\t\t\t\t\t<\/div>\n\t\t\t\t\t<\/div>\n\t\t\t\t<\/div>\n\t\t<div class=\"elementor-element elementor-element-78735b1 e-flex e-con-boxed e-con e-parent\" data-id=\"78735b1\" data-element_type=\"container\" data-settings=\"{&quot;shape_divider_top&quot;:&quot;mountains&quot;,&quot;shape_divider_bottom&quot;:&quot;mountains&quot;}\">\n\t\t\t\t\t<div class=\"e-con-inner\">\n\t\t\t\t<div class=\"elementor-shape elementor-shape-top\" aria-hidden=\"true\" data-negative=\"false\">\n\t\t\t<svg xmlns=\"http:\/\/www.w3.org\/2000\/svg\" viewbox=\"0 0 1000 100\" preserveaspectratio=\"none\">\n\t<path class=\"elementor-shape-fill\" opacity=\"0.33\" d=\"M473,67.3c-203.9,88.3-263.1-34-320.3,0C66,119.1,0,59.7,0,59.7V0h1000v59.7 c0,0-62.1,26.1-94.9,29.3c-32.8,3.3-62.8-12.3-75.8-22.1C806,49.6,745.3,8.7,694.9,4.7S492.4,59,473,67.3z\"\/>\n\t<path class=\"elementor-shape-fill\" opacity=\"0.66\" d=\"M734,67.3c-45.5,0-77.2-23.2-129.1-39.1c-28.6-8.7-150.3-10.1-254,39.1 s-91.7-34.4-149.2,0C115.7,118.3,0,39.8,0,39.8V0h1000v36.5c0,0-28.2-18.5-92.1-18.5C810.2,18.1,775.7,67.3,734,67.3z\"\/>\n\t<path class=\"elementor-shape-fill\" d=\"M766.1,28.9c-200-57.5-266,65.5-395.1,19.5C242,1.8,242,5.4,184.8,20.6C128,35.8,132.3,44.9,89.9,52.5C28.6,63.7,0,0,0,0 h1000c0,0-9.9,40.9-83.6,48.1S829.6,47,766.1,28.9z\"\/>\n<\/svg>\t\t<\/div>\n\t\t\t\t<div class=\"elementor-shape elementor-shape-bottom\" aria-hidden=\"true\" data-negative=\"false\">\n\t\t\t<svg xmlns=\"http:\/\/www.w3.org\/2000\/svg\" viewbox=\"0 0 1000 100\" preserveaspectratio=\"none\">\n\t<path class=\"elementor-shape-fill\" opacity=\"0.33\" d=\"M473,67.3c-203.9,88.3-263.1-34-320.3,0C66,119.1,0,59.7,0,59.7V0h1000v59.7 c0,0-62.1,26.1-94.9,29.3c-32.8,3.3-62.8-12.3-75.8-22.1C806,49.6,745.3,8.7,694.9,4.7S492.4,59,473,67.3z\"\/>\n\t<path class=\"elementor-shape-fill\" opacity=\"0.66\" d=\"M734,67.3c-45.5,0-77.2-23.2-129.1-39.1c-28.6-8.7-150.3-10.1-254,39.1 s-91.7-34.4-149.2,0C115.7,118.3,0,39.8,0,39.8V0h1000v36.5c0,0-28.2-18.5-92.1-18.5C810.2,18.1,775.7,67.3,734,67.3z\"\/>\n\t<path class=\"elementor-shape-fill\" d=\"M766.1,28.9c-200-57.5-266,65.5-395.1,19.5C242,1.8,242,5.4,184.8,20.6C128,35.8,132.3,44.9,89.9,52.5C28.6,63.7,0,0,0,0 h1000c0,0-9.9,40.9-83.6,48.1S829.6,47,766.1,28.9z\"\/>\n<\/svg>\t\t<\/div>\n\t\t\t\t<div class=\"elementor-element elementor-element-8ce1019 elementor-widget elementor-widget-html\" data-id=\"8ce1019\" data-element_type=\"widget\" data-widget_type=\"html.default\">\n\t\t\t\t\t<!-- Importar fuente Raleway -->\n<link href=\"https:\/\/fonts.googleapis.com\/css2?family=Raleway:wght@300;400;600;700&display=swap\" rel=\"stylesheet\">\n\n<style>\n  .about-us {\n    font-family: 'Raleway', sans-serif;\n    color: #333;\n    line-height: 1.7;\n    max-width: 900px;\n    margin: 0 auto;\n    padding: 20px;\n  }\n\n  .about-us h1 {\n    font-size: 2.2em;\n    font-weight: 700;\n    text-align: center;\n    margin-bottom: 20px;\n    color: #ff6600; \/* Naranja Medano4you *\/\n  }\n\n  .about-us h3 {\n    font-size: 1.4em;\n    font-weight: 600;\n    margin-top: 30px;\n    margin-bottom: 10px;\n    color: #444;\n    border-left: 4px solid #ff6600;\n    padding-left: 10px;\n  }\n\n  .about-us p {\n    font-size: 1.05em;\n    margin-bottom: 15px;\n  }\n\n  .about-us ul {\n    margin: 10px 0 20px 25px;\n    padding: 0;\n    list-style-type: none;\n  }\n\n  .about-us ul li {\n    margin-bottom: 10px;\n    font-size: 1.05em;\n    position: relative;\n    padding-left: 20px;\n  }\n\n  .about-us ul li::before {\n    content: \"\u2714\";\n    color: #ff6600;\n    position: absolute;\n    left: 0;\n    font-size: 0.9em;\n  }\n<\/style>\n\n<div class=\"about-us\">\n\n\n  <h3>La tua vacanza inizia qui<\/h3>\n  <p class=\"translation-block\">Con Medano4you non affittiamo solo case \u2013 creiamo esperienze. Le nostre case vacanze a El M\u00e9dano sono pensate per farti sentire subito a casa, combinando comfort, stile e la libert\u00e0 di vivere Tenerife al tuo ritmo.<\/p>\n\n  <h3>Perch\u00e9 sceglierci?<\/h3>\n  <ul>\n    <li class=\"translation-block\">Oltre 15 anni di esperienza a El M\u00e9dano.<\/li>\n    <li class=\"translation-block\">Un team locale disponibile 24\/7 per assisterti in tutto ci\u00f2 di cui hai bisogno.<\/li>\n    <li class=\"translation-block\">Case completamente attrezzate e gestite, da accoglienti monolocali ad appartamenti di lusso fronte mare.<\/li>\n    <li class=\"translation-block\">Vantaggi esclusivi: risparmia fino al 15% prenotando direttamente sul nostro sito.<\/li>\n  <\/ul>\n\n  <h3>Pi\u00f9 di un semplice affitto vacanze<\/h3>\n  <ul>\n    <li><strong>Vendita e investimento immobiliare.<\/strong>.<\/li>\n    <li><strong>Consulenza legale e fiscale.<\/strong>.<\/li>\n    <li><strong>Servizi di ristrutturazione e manutenzione degli immobili.<\/strong>.<\/li>\n  <\/ul>\n\n  <h3>Vivi El M\u00e9dano con noi<\/h3>\n  <p class=\"translation-block\">Che tu venga da solo, in coppia, con amici o in famiglia, con Medano4you troverai sempre la casa vacanze perfetta. Scopri perch\u00e9 El M\u00e9dano \u00e8 una delle destinazioni pi\u00f9 autentiche e vivaci delle Canarie \u2013 e lascia che rendiamo il tuo soggiorno indimenticabile.<\/p>\n<\/div>\t\t\t\t<\/div>\n\t\t\t\t\t<\/div>\n\t\t\t\t<\/div>\n\t\t<div class=\"elementor-element elementor-element-6f17e3a e-flex e-con-boxed e-con e-parent\" data-id=\"6f17e3a\" data-element_type=\"container\">\n\t\t\t\t\t<div class=\"e-con-inner\">\n\t\t\t\t<div class=\"elementor-element elementor-element-ed84dc4 elementor-widget elementor-widget-html\" data-id=\"ed84dc4\" data-element_type=\"widget\" data-widget_type=\"html.default\">\n\t\t\t\t\t<br><br>\n<h2>Looking for your ideal holiday apartment? Get in touch and we'll help you find it<\/h2>\n\n<div class=\"forminator-ui forminator-custom-form forminator-custom-form-612 forminator-design--basic  forminator_ajax\" data-forminator-render=\"0\" data-form=\"forminator-module-612\" data-uid=\"69edea7c2b62c\"><br\/><\/div><form\n\t\t\t\tid=\"forminator-module-612\"\n\t\t\t\tclass=\"forminator-ui forminator-custom-form forminator-custom-form-612 forminator-design--basic  forminator_ajax\"\n\t\t\t\tmethod=\"post\"\n\t\t\t\tdata-forminator-render=\"0\"\n\t\t\t\tdata-form-id=\"612\"\n\t\t\t\t data-color-option=\"theme\" data-design=\"basic\" data-grid=\"open\" style=\"display: none;\"\n\t\t\t\tdata-uid=\"69edea7c2b62c\" action=\"\"\n\t\t\t><div role=\"alert\" aria-live=\"polite\" class=\"forminator-response-message forminator-error\" aria-hidden=\"true\"><\/div><div class=\"forminator-row\"><div id=\"name-1\" class=\"forminator-field-name forminator-col forminator-col-12\"><div class=\"forminator-field\"><label for=\"forminator-field-name-1_69edea7c2b62c\" id=\"forminator-field-name-1_69edea7c2b62c-label\" class=\"forminator-label\">Nome <span class=\"forminator-required\">*<\/span><\/label><input type=\"text\" name=\"name-1\" value=\"\" placeholder=\"\" id=\"forminator-field-name-1_69edea7c2b62c\" class=\"forminator-input forminator-name--field\" aria-required=\"true\" autocomplete=\"name\" \/><\/div><\/div><\/div><div class=\"forminator-row\"><div id=\"name-2\" class=\"forminator-field-name forminator-col forminator-col-12\"><div class=\"forminator-field\"><label for=\"forminator-field-name-2_69edea7c2b62c\" id=\"forminator-field-name-2_69edea7c2b62c-label\" class=\"forminator-label\">Cognome <span class=\"forminator-required\">*<\/span><\/label><input type=\"text\" name=\"name-2\" value=\"\" placeholder=\"\" id=\"forminator-field-name-2_69edea7c2b62c\" class=\"forminator-input forminator-name--field\" aria-required=\"true\" autocomplete=\"name\" \/><\/div><\/div><\/div><div class=\"forminator-row\"><div id=\"email-1\" class=\"forminator-field-email forminator-col forminator-col-12\"><div class=\"forminator-field\"><label for=\"forminator-field-email-1_69edea7c2b62c\" id=\"forminator-field-email-1_69edea7c2b62c-label\" class=\"forminator-label\">E-mail <span class=\"forminator-required\">*<\/span><\/label><input type=\"email\" name=\"email-1\" value=\"\" placeholder=\"\" id=\"forminator-field-email-1_69edea7c2b62c\" class=\"forminator-input forminator-email--field\" data-required=\"true\" aria-required=\"true\" autocomplete=\"email\" \/><\/div><\/div><\/div><div class=\"forminator-row\"><div id=\"phone-1\" class=\"forminator-field-phone forminator-col forminator-col-12\"><div class=\"forminator-field\"><label for=\"forminator-field-phone-1_69edea7c2b62c\" id=\"forminator-field-phone-1_69edea7c2b62c-label\" class=\"forminator-label\">Numero di telefono <span class=\"forminator-required\">*<\/span><\/label><input type=\"text\" name=\"phone-1\" value=\"\" placeholder=\"\" id=\"forminator-field-phone-1_69edea7c2b62c\" class=\"forminator-input forminator-field--phone\" data-required=\"1\" aria-required=\"true\" autocomplete=\"off\" \/><\/div><\/div><\/div><div class=\"forminator-row\"><div id=\"textarea-1\" class=\"forminator-field-textarea forminator-col forminator-col-12\"><div class=\"forminator-field\"><label for=\"forminator-field-textarea-1_69edea7c2b62c\" id=\"forminator-field-textarea-1_69edea7c2b62c-label\" class=\"forminator-label\">Messaggio <span class=\"forminator-required\">*<\/span><\/label><span id=\"forminator-field-textarea-1_69edea7c2b62c-description\" class=\"forminator-description\"><span data-limit=\"300\" data-type=\"characters\" data-editor=\"\">0 \/ 300<\/span><\/span><textarea name=\"textarea-1\" placeholder=\"\" id=\"forminator-field-textarea-1_69edea7c2b62c\" class=\"forminator-textarea\" rows=\"6\" style=\"min-height:140px;\" maxlength=\"300\" ><\/textarea><\/div><\/div><\/div><div class=\"forminator-row\"><div id=\"consent-1\" class=\"forminator-field-consent forminator-col forminator-col-12\"><div class=\"forminator-field\"><label for=\"forminator-field-consent-1_69edea7c2b62c\" id=\"forminator-field-consent-1_69edea7c2b62c-label\" class=\"forminator-label\">Consenso <span class=\"forminator-required\">*<\/span><\/label><div class=\"forminator-checkbox__wrapper\"><label id=\"forminator-field-consent-1_69edea7c2b62c__label\" class=\"forminator-checkbox forminator-consent\" aria-labelledby=\"forminator-field-consent-1_69edea7c2b62c-label\" aria-hidden=\"true\"><input type=\"checkbox\" name=\"consent-1\" id=\"forminator-field-consent-1_69edea7c2b62c\" value=\"checked\" aria-labelledby=\"forminator-field-consent-1_69edea7c2b62c-label\" aria-describedby=\"forminator-field-consent-1_69edea7c2b62c__description\" data-required=\"true\" aria-required=\"true\" \/><span class=\"forminator-checkbox-box\" aria-hidden=\"true\"><\/span><\/label><div id=\"forminator-field-consent-1_69edea7c2b62c__description\" class=\"forminator-checkbox__label forminator-consent__label\"><p class=\"p1 translation-block\">Accetto la <a href=\"https:\/\/medano4you.com\/it\/privacy-policy\/\" target=\"_self\">Privacy Policy<\/a> e i <a href=\"https:\/\/medano4you.com\/it\/terms-and-conditions\/\" target=\"_self\">Termini e Condizioni Generali<\/a>.<\/p><\/div><\/div><\/div><\/div><\/div><input type=\"hidden\" name=\"referer_url\" value=\"\" \/><div class=\"forminator-row forminator-row-last\"><div class=\"forminator-col\"><div class=\"forminator-field\"><button class=\"forminator-button forminator-button-submit\">Invia<\/button><\/div><\/div><\/div><input type=\"hidden\" id=\"forminator_nonce\" name=\"forminator_nonce\" value=\"0aa4a720de\" \/><input type=\"hidden\" name=\"_wp_http_referer\" value=\"\/it\/wp-json\/wp\/v2\/pages\/7\" \/><input type=\"hidden\" name=\"form_id\" value=\"612\"><input type=\"hidden\" name=\"page_id\" value=\"7\"><input type=\"hidden\" name=\"form_type\" value=\"default\"><input type=\"hidden\" name=\"current_url\" value=\"https:\/\/medano4you.com\/it\/\"><input type=\"hidden\" name=\"render_id\" value=\"0\"><input type=\"hidden\" name=\"action\" value=\"forminator_submit_form_custom-forms\"><input type=\"hidden\" name=\"trp-form-language\" value=\"it\"\/><\/form>\t\t\t\t<\/div>\n\t\t\t\t\t<\/div>\n\t\t\t\t<\/div>\n\t\t\t\t<\/div>","protected":false},"excerpt":{"rendered":"<p>Discover unique apartments in El M\u00e9dano Your Next Adventure Awaits Your holiday starts here At Medano4you we don\u2019t just rent properties \u2013 we create experiences. Our holiday homes in El M\u00e9dano are designed for you to feel at home from the very first moment, combining comfort, style, and the freedom to enjoy Tenerife at your [&hellip;]<\/p>","protected":false},"author":1,"featured_media":0,"parent":0,"menu_order":1,"comment_status":"closed","ping_status":"closed","template":"","meta":{"footnotes":""},"class_list":["post-7","page","type-page","status-publish","hentry"],"_links":{"self":[{"href":"https:\/\/medano4you.com\/it\/wp-json\/wp\/v2\/pages\/7","targetHints":{"allow":["GET"]}}],"collection":[{"href":"https:\/\/medano4you.com\/it\/wp-json\/wp\/v2\/pages"}],"about":[{"href":"https:\/\/medano4you.com\/it\/wp-json\/wp\/v2\/types\/page"}],"author":[{"embeddable":true,"href":"https:\/\/medano4you.com\/it\/wp-json\/wp\/v2\/users\/1"}],"replies":[{"embeddable":true,"href":"https:\/\/medano4you.com\/it\/wp-json\/wp\/v2\/comments?post=7"}],"version-history":[{"count":100,"href":"https:\/\/medano4you.com\/it\/wp-json\/wp\/v2\/pages\/7\/revisions"}],"predecessor-version":[{"id":638,"href":"https:\/\/medano4you.com\/it\/wp-json\/wp\/v2\/pages\/7\/revisions\/638"}],"wp:attachment":[{"href":"https:\/\/medano4you.com\/it\/wp-json\/wp\/v2\/media?parent=7"}],"curies":[{"name":"wp","href":"https:\/\/api.w.org\/{rel}","templated":true}]}}